{"id":163,"date":"2015-07-21T17:52:14","date_gmt":"2015-07-21T15:52:14","guid":{"rendered":"http:\/\/bruno-ferignac-photographe.fr\/accueil\/?page_id=163"},"modified":"2018-01-22T14:16:33","modified_gmt":"2018-01-22T13:16:33","slug":"formulaire-de-contact","status":"publish","type":"page","link":"http:\/\/bruno-ferignac-photographe.fr\/accueil\/contact\/formulaire-de-contact\/","title":{"rendered":"Formulaire de contact et coordonn\u00e9es"},"content":{"rendered":"<div id=\"pl-163\"  class=\"panel-layout\" ><div id=\"pg-163-0\"  class=\"panel-grid panel-no-style\" ><div id=\"pgc-163-0-0\"  class=\"panel-grid-cell\" ><div id=\"panel-163-0-0-0\" class=\"so-panel widget widget_text panel-first-child\" data-index=\"0\" >\t\t\t<div class=\"textwidget\"><p>&nbsp;<\/p>\n<table border=\"1\" width=\"100%\" cellspacing=\"1\" cellpadding=\"1\">\n<tbody>\n<tr>\n<td>\n<div align=\"center\">\n<p>&nbsp;<\/p>\n<p><span class=\"adresse\">F\u00e9rignac Bruno \/ L&rsquo;Atelier Pho&rsquo;Thau<\/span><\/p>\n<p><span class=\"adresse\">60bis chemin de beau rivage<\/span><\/p>\n<p><span class=\"adresse\">34340 MARSEILLAN<\/span><\/p>\n<p><span class=\"adresse\">06 87 82 77 53<\/span><\/p>\n<p><span class=\"bas-de-page\">bruno.ferignac@gmail.com<\/span><\/p>\n<\/div>\n<div align=\"center\"><\/div>\n<\/td>\n<\/tr>\n<\/tbody>\n<\/table>\n<p>&nbsp;<\/p>\n<\/div>\n\t\t<\/div><div id=\"panel-163-0-0-1\" class=\"so-panel widget widget_text\" data-index=\"1\" >\t\t\t<div class=\"textwidget\"><p style=\"text-align: center;\"><span class=\"bas-de-page\">En cas de non r\u00e9ponse dans les 24 heures, pensez \u00e0 v\u00e9rifier vos spams et n&rsquo;h\u00e9sitez pas \u00e0 me relancer.<\/span><\/p>\n<\/div>\n\t\t<\/div><div id=\"panel-163-0-0-2\" class=\"so-panel widget widget_sow-editor\" data-index=\"2\" ><div\n\t\t\t\n\t\t\tclass=\"so-widget-sow-editor so-widget-sow-editor-base\"\n\t\t\t\n\t\t>\n<div class=\"siteorigin-widget-tinymce textwidget\">\n\t<p style=\"text-align: center;\">\n<div class=\"wpcf7 no-js\" id=\"wpcf7-f5-o1\" lang=\"fr-FR\" dir=\"ltr\" data-wpcf7-id=\"5\">\n<div class=\"screen-reader-response\">\n<p role=\"status\" aria-live=\"polite\" aria-atomic=\"true\">\n<ul><\/ul>\n<\/div>\n<form action=\"\/accueil\/wp-json\/wp\/v2\/pages\/163#wpcf7-f5-o1\" method=\"post\" class=\"wpcf7-form init\" aria-label=\"Formulaire de contact\" novalidate=\"novalidate\" data-status=\"init\">\n<fieldset class=\"hidden-fields-container\"><input type=\"hidden\" name=\"_wpcf7\" value=\"5\" \/><input type=\"hidden\" name=\"_wpcf7_version\" value=\"6.1.5\" \/><input type=\"hidden\" name=\"_wpcf7_locale\" value=\"fr_FR\" \/><input type=\"hidden\" name=\"_wpcf7_unit_tag\" value=\"wpcf7-f5-o1\" \/><input type=\"hidden\" name=\"_wpcf7_container_post\" value=\"0\" \/><input type=\"hidden\" name=\"_wpcf7_posted_data_hash\" value=\"\" \/><input type=\"hidden\" name=\"_wpcf7_recaptcha_response\" value=\"\" \/><br \/>\n<\/fieldset>\n<p>Votre nom (obligatoire)\n<\/p>\n<p><span class=\"wpcf7-form-control-wrap\" data-name=\"your-name\"><input size=\"40\" maxlength=\"400\" class=\"wpcf7-form-control wpcf7-text wpcf7-validates-as-required\" aria-required=\"true\" aria-invalid=\"false\" value=\"\" type=\"text\" name=\"your-name\" \/><\/span>\n<\/p>\n<p>Votre email (obligatoire)\n<\/p>\n<p><span class=\"wpcf7-form-control-wrap\" data-name=\"your-email\"><input size=\"40\" maxlength=\"400\" class=\"wpcf7-form-control wpcf7-email wpcf7-validates-as-required wpcf7-text wpcf7-validates-as-email\" aria-required=\"true\" aria-invalid=\"false\" value=\"\" type=\"email\" name=\"your-email\" \/><\/span>\n<\/p>\n<p>Votre email (confirmation)\n<\/p>\n<p><span class=\"wpcf7-form-control-wrap\" data-name=\"your-email\"><input size=\"40\" maxlength=\"400\" class=\"wpcf7-form-control wpcf7-email wpcf7-validates-as-required wpcf7-text wpcf7-validates-as-email\" aria-required=\"true\" aria-invalid=\"false\" value=\"\" type=\"email\" name=\"your-email\" \/><\/span>\n<\/p>\n<p>Sujet\n<\/p>\n<p><span class=\"wpcf7-form-control-wrap\" data-name=\"your-subject\"><input size=\"40\" maxlength=\"400\" class=\"wpcf7-form-control wpcf7-text\" aria-invalid=\"false\" value=\"\" type=\"text\" name=\"your-subject\" \/><\/span>\n<\/p>\n<p>Votre message\n<\/p>\n<p><span class=\"wpcf7-form-control-wrap\" data-name=\"your-message\"><textarea cols=\"40\" rows=\"10\" maxlength=\"2000\" class=\"wpcf7-form-control wpcf7-textarea\" aria-invalid=\"false\" name=\"your-message\"><\/textarea><\/span>\n<\/p>\n<p><input class=\"wpcf7-form-control wpcf7-submit has-spinner\" type=\"submit\" value=\"Envoyer\" \/>\n<\/p>\n<div class=\"wpcf7-response-output\" aria-hidden=\"true\"><\/div>\n<\/form>\n<\/div>\n<\/div>\n<\/div><\/div><div id=\"panel-163-0-0-3\" class=\"so-panel widget widget_text panel-last-child\" data-index=\"3\" >\t\t\t<div class=\"textwidget\"><p style=\"text-align: center;\"><span class=\"bas-de-page\">En cas de non r\u00e9ponse dans les 24 heures, pensez \u00e0 v\u00e9rifier vos spams et n&rsquo;h\u00e9sitez pas \u00e0 me relancer.<\/span><\/p>\n<\/div>\n\t\t<\/div><\/div><\/div><\/div>","protected":false},"excerpt":{"rendered":"<p>&nbsp; &nbsp; F\u00e9rignac Bruno \/ L&rsquo;Atelier Pho&rsquo;Thau 60bis chemin de beau rivage 34340 MARSEILLAN 06 87&hellip;<\/p>\n","protected":false},"author":1,"featured_media":0,"parent":2865,"menu_order":0,"comment_status":"closed","ping_status":"closed","template":"","meta":{"footnotes":""},"class_list":["post-163","page","type-page","status-publish","hentry"],"yoast_head":"<!-- This site is optimized with the Yoast SEO plugin v27.2 - https:\/\/yoast.com\/product\/yoast-seo-wordpress\/ -->\n<title>Formulaire de contact et coordonn\u00e9es - L&#039; atelier pho&#039;thau<\/title>\n<meta name=\"description\" content=\"Un formulaire de contact et mes coordonn\u00e9es pour me joindre directement.\" \/>\n<meta name=\"robots\" content=\"index, follow, max-snippet:-1, max-image-preview:large, max-video-preview:-1\" \/>\n<link rel=\"canonical\" href=\"http:\/\/bruno-ferignac-photographe.fr\/accueil\/contact\/formulaire-de-contact\/\" \/>\n<meta name=\"twitter:card\" content=\"summary_large_image\" \/>\n<meta name=\"twitter:title\" content=\"Formulaire de contact et coordonn\u00e9es - L&#039; atelier pho&#039;thau\" \/>\n<meta name=\"twitter:description\" content=\"Un formulaire de contact et mes coordonn\u00e9es pour me joindre directement.\" \/>\n<script type=\"application\/ld+json\" class=\"yoast-schema-graph\">{\"@context\":\"https:\/\/schema.org\",\"@graph\":[{\"@type\":\"WebPage\",\"@id\":\"http:\/\/bruno-ferignac-photographe.fr\/accueil\/contact\/formulaire-de-contact\/\",\"url\":\"http:\/\/bruno-ferignac-photographe.fr\/accueil\/contact\/formulaire-de-contact\/\",\"name\":\"Formulaire de contact et coordonn\u00e9es - L&#039; atelier pho&#039;thau\",\"isPartOf\":{\"@id\":\"https:\/\/bruno-ferignac-photographe.fr\/accueil\/#website\"},\"datePublished\":\"2015-07-21T15:52:14+00:00\",\"dateModified\":\"2018-01-22T13:16:33+00:00\",\"description\":\"Un formulaire de contact et mes coordonn\u00e9es pour me joindre directement.\",\"breadcrumb\":{\"@id\":\"http:\/\/bruno-ferignac-photographe.fr\/accueil\/contact\/formulaire-de-contact\/#breadcrumb\"},\"inLanguage\":\"fr-FR\",\"potentialAction\":[{\"@type\":\"ReadAction\",\"target\":[\"http:\/\/bruno-ferignac-photographe.fr\/accueil\/contact\/formulaire-de-contact\/\"]}]},{\"@type\":\"BreadcrumbList\",\"@id\":\"http:\/\/bruno-ferignac-photographe.fr\/accueil\/contact\/formulaire-de-contact\/#breadcrumb\",\"itemListElement\":[{\"@type\":\"ListItem\",\"position\":1,\"name\":\"Accueil\",\"item\":\"http:\/\/bruno-ferignac-photographe.fr\/accueil\/\"},{\"@type\":\"ListItem\",\"position\":2,\"name\":\"Contact\",\"item\":\"https:\/\/bruno-ferignac-photographe.fr\/accueil\/contact\/\"},{\"@type\":\"ListItem\",\"position\":3,\"name\":\"Formulaire de contact et coordonn\u00e9es\"}]},{\"@type\":\"WebSite\",\"@id\":\"https:\/\/bruno-ferignac-photographe.fr\/accueil\/#website\",\"url\":\"https:\/\/bruno-ferignac-photographe.fr\/accueil\/\",\"name\":\"L&#039; atelier pho&#039;thau\",\"description\":\"Un photographe pour vous !\",\"potentialAction\":[{\"@type\":\"SearchAction\",\"target\":{\"@type\":\"EntryPoint\",\"urlTemplate\":\"https:\/\/bruno-ferignac-photographe.fr\/accueil\/?s={search_term_string}\"},\"query-input\":{\"@type\":\"PropertyValueSpecification\",\"valueRequired\":true,\"valueName\":\"search_term_string\"}}],\"inLanguage\":\"fr-FR\"}]}<\/script>\n<!-- \/ Yoast SEO plugin. -->","yoast_head_json":{"title":"Formulaire de contact et coordonn\u00e9es - L&#039; atelier pho&#039;thau","description":"Un formulaire de contact et mes coordonn\u00e9es pour me joindre directement.","robots":{"index":"index","follow":"follow","max-snippet":"max-snippet:-1","max-image-preview":"max-image-preview:large","max-video-preview":"max-video-preview:-1"},"canonical":"http:\/\/bruno-ferignac-photographe.fr\/accueil\/contact\/formulaire-de-contact\/","twitter_card":"summary_large_image","twitter_title":"Formulaire de contact et coordonn\u00e9es - L&#039; atelier pho&#039;thau","twitter_description":"Un formulaire de contact et mes coordonn\u00e9es pour me joindre directement.","schema":{"@context":"https:\/\/schema.org","@graph":[{"@type":"WebPage","@id":"http:\/\/bruno-ferignac-photographe.fr\/accueil\/contact\/formulaire-de-contact\/","url":"http:\/\/bruno-ferignac-photographe.fr\/accueil\/contact\/formulaire-de-contact\/","name":"Formulaire de contact et coordonn\u00e9es - L&#039; atelier pho&#039;thau","isPartOf":{"@id":"https:\/\/bruno-ferignac-photographe.fr\/accueil\/#website"},"datePublished":"2015-07-21T15:52:14+00:00","dateModified":"2018-01-22T13:16:33+00:00","description":"Un formulaire de contact et mes coordonn\u00e9es pour me joindre directement.","breadcrumb":{"@id":"http:\/\/bruno-ferignac-photographe.fr\/accueil\/contact\/formulaire-de-contact\/#breadcrumb"},"inLanguage":"fr-FR","potentialAction":[{"@type":"ReadAction","target":["http:\/\/bruno-ferignac-photographe.fr\/accueil\/contact\/formulaire-de-contact\/"]}]},{"@type":"BreadcrumbList","@id":"http:\/\/bruno-ferignac-photographe.fr\/accueil\/contact\/formulaire-de-contact\/#breadcrumb","itemListElement":[{"@type":"ListItem","position":1,"name":"Accueil","item":"http:\/\/bruno-ferignac-photographe.fr\/accueil\/"},{"@type":"ListItem","position":2,"name":"Contact","item":"https:\/\/bruno-ferignac-photographe.fr\/accueil\/contact\/"},{"@type":"ListItem","position":3,"name":"Formulaire de contact et coordonn\u00e9es"}]},{"@type":"WebSite","@id":"https:\/\/bruno-ferignac-photographe.fr\/accueil\/#website","url":"https:\/\/bruno-ferignac-photographe.fr\/accueil\/","name":"L&#039; atelier pho&#039;thau","description":"Un photographe pour vous !","potentialAction":[{"@type":"SearchAction","target":{"@type":"EntryPoint","urlTemplate":"https:\/\/bruno-ferignac-photographe.fr\/accueil\/?s={search_term_string}"},"query-input":{"@type":"PropertyValueSpecification","valueRequired":true,"valueName":"search_term_string"}}],"inLanguage":"fr-FR"}]}},"_links":{"self":[{"href":"http:\/\/bruno-ferignac-photographe.fr\/accueil\/wp-json\/wp\/v2\/pages\/163","targetHints":{"allow":["GET"]}}],"collection":[{"href":"http:\/\/bruno-ferignac-photographe.fr\/accueil\/wp-json\/wp\/v2\/pages"}],"about":[{"href":"http:\/\/bruno-ferignac-photographe.fr\/accueil\/wp-json\/wp\/v2\/types\/page"}],"author":[{"embeddable":true,"href":"http:\/\/bruno-ferignac-photographe.fr\/accueil\/wp-json\/wp\/v2\/users\/1"}],"replies":[{"embeddable":true,"href":"http:\/\/bruno-ferignac-photographe.fr\/accueil\/wp-json\/wp\/v2\/comments?post=163"}],"version-history":[{"count":51,"href":"http:\/\/bruno-ferignac-photographe.fr\/accueil\/wp-json\/wp\/v2\/pages\/163\/revisions"}],"predecessor-version":[{"id":4367,"href":"http:\/\/bruno-ferignac-photographe.fr\/accueil\/wp-json\/wp\/v2\/pages\/163\/revisions\/4367"}],"up":[{"embeddable":true,"href":"http:\/\/bruno-ferignac-photographe.fr\/accueil\/wp-json\/wp\/v2\/pages\/2865"}],"wp:attachment":[{"href":"http:\/\/bruno-ferignac-photographe.fr\/accueil\/wp-json\/wp\/v2\/media?parent=163"}],"curies":[{"name":"wp","href":"https:\/\/api.w.org\/{rel}","templated":true}]}}