{"id":2086,"date":"2016-09-13T14:17:51","date_gmt":"2016-09-13T12:17:51","guid":{"rendered":"http:\/\/bruno-ferignac-photographe.fr\/accueil\/?page_id=2086"},"modified":"2020-06-30T09:32:22","modified_gmt":"2020-06-30T07:32:22","slug":"en-construction","status":"publish","type":"page","link":"http:\/\/bruno-ferignac-photographe.fr\/accueil\/en-construction\/","title":{"rendered":"En Construction"},"content":{"rendered":"<div id=\"pl-2086\"  class=\"panel-layout\" ><div id=\"pg-2086-0\"  class=\"panel-grid panel-no-style\" ><div id=\"pgc-2086-0-0\"  class=\"panel-grid-cell\" ><div id=\"panel-2086-0-0-0\" class=\"so-panel widget widget_black-studio-tinymce widget_black_studio_tinymce panel-first-child\" data-index=\"0\" ><div class=\"textwidget\"><p style=\"text-align: center;\"><span class=\"orange\">En construction !!!<\/span><\/p>\n<\/p>\n<p style=\"text-align: center;\"><span class=\"accueil-titre\">Bient\u00f4t disponible...<\/span><\/p>\n<p style=\"text-align: center;\"><span class=\"entete\"><a href=\"https:\/\/bruno-ferignac-photographe.fr\/accueil\/contact\/\">Contactez moi<\/a> pour toutes informations suppl\u00e9mentaires<\/span><\/p>\n<p style=\"text-align: center;\"><span class=\"entete\"><a href=\"https:\/\/bruno-ferignac-photographe.fr\/accueil\/prestations\/stage\">Retournez \u00e0 la pr\u00e9sentation des stages<\/a> ou <a href=\"https:\/\/bruno-ferignac-photographe.fr\/accueil\/\">retournez \u00e0 l'accueil<\/a><\/span><\/p>\n<\/div><\/div><div id=\"panel-2086-0-0-1\" class=\"so-panel widget widget_sow-image panel-last-child\" data-index=\"1\" ><div\n\t\t\t\n\t\t\tclass=\"so-widget-sow-image so-widget-sow-image-default-c67d20f9f743-2086\"\n\t\t\t\n\t\t>\n<div class=\"sow-image-container\">\n\t\t<img \n\tsrc=\"http:\/\/bruno-ferignac-photographe.fr\/accueil\/wp-content\/uploads\/2015\/08\/renarddans-lherbe.jpg\" width=\"1024\" height=\"684\" srcset=\"http:\/\/bruno-ferignac-photographe.fr\/accueil\/wp-content\/uploads\/2015\/08\/renarddans-lherbe.jpg 1024w, http:\/\/bruno-ferignac-photographe.fr\/accueil\/wp-content\/uploads\/2015\/08\/renarddans-lherbe-300x200.jpg 300w, http:\/\/bruno-ferignac-photographe.fr\/accueil\/wp-content\/uploads\/2015\/08\/renarddans-lherbe-600x401.jpg 600w, http:\/\/bruno-ferignac-photographe.fr\/accueil\/wp-content\/uploads\/2015\/08\/renarddans-lherbe-272x182.jpg 272w\" sizes=\"(max-width: 1024px) 100vw, 1024px\" title=\"renarddans l&rsquo;herbe\" alt=\"\" \t\tclass=\"so-widget-image\"\/>\n\t<\/div>\n\n<\/div><\/div><\/div><\/div><\/div>","protected":false},"excerpt":{"rendered":"<p>En construction !!! Bient\u00f4t disponible&#8230; Contactez moi pour toutes informations suppl\u00e9mentaires Retournez \u00e0 la pr\u00e9sentation des&hellip;<\/p>\n","protected":false},"author":1,"featured_media":0,"parent":0,"menu_order":0,"comment_status":"closed","ping_status":"closed","template":"","meta":{"footnotes":""},"class_list":["post-2086","page","type-page","status-publish","hentry"],"yoast_head":"<!-- This site is optimized with the Yoast SEO plugin v27.2 - https:\/\/yoast.com\/product\/yoast-seo-wordpress\/ -->\n<title>En Construction - L&#039; atelier pho&#039;thau<\/title>\n<meta name=\"description\" content=\"En construction !!! Bient\u00f4t disponible... Contactez moi pour toutes informations suppl\u00e9mentaires Retournez \u00e0 la pr\u00e9sentation des stages ou retournez \u00e0\" \/>\n<meta name=\"robots\" content=\"index, follow, max-snippet:-1, max-image-preview:large, max-video-preview:-1\" \/>\n<link rel=\"canonical\" href=\"http:\/\/bruno-ferignac-photographe.fr\/accueil\/en-construction\/\" \/>\n<meta name=\"twitter:card\" content=\"summary_large_image\" \/>\n<meta name=\"twitter:title\" content=\"En Construction - L&#039; atelier pho&#039;thau\" \/>\n<meta name=\"twitter:description\" content=\"En construction !!! Bient\u00f4t disponible... Contactez moi pour toutes informations suppl\u00e9mentaires Retournez \u00e0 la pr\u00e9sentation des stages ou retournez \u00e0\" \/>\n<script type=\"application\/ld+json\" class=\"yoast-schema-graph\">{\"@context\":\"https:\/\/schema.org\",\"@graph\":[{\"@type\":\"WebPage\",\"@id\":\"http:\/\/bruno-ferignac-photographe.fr\/accueil\/en-construction\/\",\"url\":\"http:\/\/bruno-ferignac-photographe.fr\/accueil\/en-construction\/\",\"name\":\"En Construction - L&#039; atelier pho&#039;thau\",\"isPartOf\":{\"@id\":\"https:\/\/bruno-ferignac-photographe.fr\/accueil\/#website\"},\"datePublished\":\"2016-09-13T12:17:51+00:00\",\"dateModified\":\"2020-06-30T07:32:22+00:00\",\"description\":\"En construction !!! Bient\u00f4t disponible... Contactez moi pour toutes informations suppl\u00e9mentaires Retournez \u00e0 la pr\u00e9sentation des stages ou retournez \u00e0\",\"breadcrumb\":{\"@id\":\"http:\/\/bruno-ferignac-photographe.fr\/accueil\/en-construction\/#breadcrumb\"},\"inLanguage\":\"fr-FR\",\"potentialAction\":[{\"@type\":\"ReadAction\",\"target\":[\"http:\/\/bruno-ferignac-photographe.fr\/accueil\/en-construction\/\"]}]},{\"@type\":\"BreadcrumbList\",\"@id\":\"http:\/\/bruno-ferignac-photographe.fr\/accueil\/en-construction\/#breadcrumb\",\"itemListElement\":[{\"@type\":\"ListItem\",\"position\":1,\"name\":\"Accueil\",\"item\":\"http:\/\/bruno-ferignac-photographe.fr\/accueil\/\"},{\"@type\":\"ListItem\",\"position\":2,\"name\":\"En Construction\"}]},{\"@type\":\"WebSite\",\"@id\":\"https:\/\/bruno-ferignac-photographe.fr\/accueil\/#website\",\"url\":\"https:\/\/bruno-ferignac-photographe.fr\/accueil\/\",\"name\":\"L&#039; atelier pho&#039;thau\",\"description\":\"Un photographe pour vous !\",\"potentialAction\":[{\"@type\":\"SearchAction\",\"target\":{\"@type\":\"EntryPoint\",\"urlTemplate\":\"https:\/\/bruno-ferignac-photographe.fr\/accueil\/?s={search_term_string}\"},\"query-input\":{\"@type\":\"PropertyValueSpecification\",\"valueRequired\":true,\"valueName\":\"search_term_string\"}}],\"inLanguage\":\"fr-FR\"}]}<\/script>\n<!-- \/ Yoast SEO plugin. -->","yoast_head_json":{"title":"En Construction - L&#039; atelier pho&#039;thau","description":"En construction !!! Bient\u00f4t disponible... Contactez moi pour toutes informations suppl\u00e9mentaires Retournez \u00e0 la pr\u00e9sentation des stages ou retournez \u00e0","robots":{"index":"index","follow":"follow","max-snippet":"max-snippet:-1","max-image-preview":"max-image-preview:large","max-video-preview":"max-video-preview:-1"},"canonical":"http:\/\/bruno-ferignac-photographe.fr\/accueil\/en-construction\/","twitter_card":"summary_large_image","twitter_title":"En Construction - L&#039; atelier pho&#039;thau","twitter_description":"En construction !!! Bient\u00f4t disponible... Contactez moi pour toutes informations suppl\u00e9mentaires Retournez \u00e0 la pr\u00e9sentation des stages ou retournez \u00e0","schema":{"@context":"https:\/\/schema.org","@graph":[{"@type":"WebPage","@id":"http:\/\/bruno-ferignac-photographe.fr\/accueil\/en-construction\/","url":"http:\/\/bruno-ferignac-photographe.fr\/accueil\/en-construction\/","name":"En Construction - L&#039; atelier pho&#039;thau","isPartOf":{"@id":"https:\/\/bruno-ferignac-photographe.fr\/accueil\/#website"},"datePublished":"2016-09-13T12:17:51+00:00","dateModified":"2020-06-30T07:32:22+00:00","description":"En construction !!! Bient\u00f4t disponible... Contactez moi pour toutes informations suppl\u00e9mentaires Retournez \u00e0 la pr\u00e9sentation des stages ou retournez \u00e0","breadcrumb":{"@id":"http:\/\/bruno-ferignac-photographe.fr\/accueil\/en-construction\/#breadcrumb"},"inLanguage":"fr-FR","potentialAction":[{"@type":"ReadAction","target":["http:\/\/bruno-ferignac-photographe.fr\/accueil\/en-construction\/"]}]},{"@type":"BreadcrumbList","@id":"http:\/\/bruno-ferignac-photographe.fr\/accueil\/en-construction\/#breadcrumb","itemListElement":[{"@type":"ListItem","position":1,"name":"Accueil","item":"http:\/\/bruno-ferignac-photographe.fr\/accueil\/"},{"@type":"ListItem","position":2,"name":"En Construction"}]},{"@type":"WebSite","@id":"https:\/\/bruno-ferignac-photographe.fr\/accueil\/#website","url":"https:\/\/bruno-ferignac-photographe.fr\/accueil\/","name":"L&#039; atelier pho&#039;thau","description":"Un photographe pour vous !","potentialAction":[{"@type":"SearchAction","target":{"@type":"EntryPoint","urlTemplate":"https:\/\/bruno-ferignac-photographe.fr\/accueil\/?s={search_term_string}"},"query-input":{"@type":"PropertyValueSpecification","valueRequired":true,"valueName":"search_term_string"}}],"inLanguage":"fr-FR"}]}},"_links":{"self":[{"href":"http:\/\/bruno-ferignac-photographe.fr\/accueil\/wp-json\/wp\/v2\/pages\/2086","targetHints":{"allow":["GET"]}}],"collection":[{"href":"http:\/\/bruno-ferignac-photographe.fr\/accueil\/wp-json\/wp\/v2\/pages"}],"about":[{"href":"http:\/\/bruno-ferignac-photographe.fr\/accueil\/wp-json\/wp\/v2\/types\/page"}],"author":[{"embeddable":true,"href":"http:\/\/bruno-ferignac-photographe.fr\/accueil\/wp-json\/wp\/v2\/users\/1"}],"replies":[{"embeddable":true,"href":"http:\/\/bruno-ferignac-photographe.fr\/accueil\/wp-json\/wp\/v2\/comments?post=2086"}],"version-history":[{"count":18,"href":"http:\/\/bruno-ferignac-photographe.fr\/accueil\/wp-json\/wp\/v2\/pages\/2086\/revisions"}],"predecessor-version":[{"id":8413,"href":"http:\/\/bruno-ferignac-photographe.fr\/accueil\/wp-json\/wp\/v2\/pages\/2086\/revisions\/8413"}],"wp:attachment":[{"href":"http:\/\/bruno-ferignac-photographe.fr\/accueil\/wp-json\/wp\/v2\/media?parent=2086"}],"curies":[{"name":"wp","href":"https:\/\/api.w.org\/{rel}","templated":true}]}}