{"id":2861,"date":"2017-06-17T16:04:11","date_gmt":"2017-06-17T14:04:11","guid":{"rendered":"http:\/\/bruno-ferignac-photographe.fr\/accueil\/?page_id=2861"},"modified":"2020-06-30T13:46:14","modified_gmt":"2020-06-30T11:46:14","slug":"portfolio","status":"publish","type":"page","link":"http:\/\/bruno-ferignac-photographe.fr\/accueil\/portfolio\/","title":{"rendered":"Portfolio"},"content":{"rendered":"<div id=\"pl-2861\"  class=\"panel-layout\" ><div id=\"pg-2861-0\"  class=\"panel-grid panel-no-style\" ><div id=\"pgc-2861-0-0\"  class=\"panel-grid-cell\" ><div id=\"panel-2861-0-0-0\" class=\"so-panel widget widget_black-studio-tinymce widget_black_studio_tinymce panel-first-child\" data-index=\"0\" ><div class=\"textwidget\"><h2 style=\"text-align: center;\"><span class=\"accueil-titre\">Mon portfolio !<\/span><\/h2>\n<p style=\"text-align: left;\"><span class=\"corps\">Dans ce book, vous trouverez mes r\u00e9alisations personnelles et professionnelles prisent dans le confort d'un salon, sur des falaises islandaises, sous la pluie, dans la neige, \u00a0par une nuit d'\u00e9t\u00e9 \u00e9toil\u00e9e ou un petit matin en for\u00eat,\u00a0du levant au couchant, en live lors d'un festival, pos\u00e9es en studio, instantan\u00e9es\u00a0en reportage,\u00a0ici et ailleurs chez moi ou chez eux et pourquoi pas bient\u00f4t chez vous...<\/span><\/p>\n<p style=\"text-align: left; padding-left: 60px;\"><span class=\"entete\">Bonne visite.<\/span><\/p>\n<\/div><\/div><div id=\"panel-2861-0-0-1\" class=\"so-panel widget widget_black-studio-tinymce widget_black_studio_tinymce\" data-index=\"1\" ><div class=\"textwidget\"><p style=\"text-align: center;\"><span class=\"corps\">Toutes mes galeries:<br \/>\n <a href=\"https:\/\/bruno-ferignac-photographe.fr\/accueil\/portfolio\/portrait\/\"> -Portrait- <\/a><a href=\"https:\/\/bruno-ferignac-photographe.fr\/accueil\/portfolio\/animalier\/\"> -Animalier- <\/a><a href=\"https:\/\/bruno-ferignac-photographe.fr\/accueil\/portfolio\/paysage\/\"> -Paysage- <\/a><a href=\"https:\/\/bruno-ferignac-photographe.fr\/accueil\/portfolio\/pose-longue\/\"> -Noir et blanc- <\/a><a href=\"https:\/\/bruno-ferignac-photographe.fr\/accueil\/portfolio\/communication\/\"> -Communication- <\/a><a href=\"https:\/\/bruno-ferignac-photographe.fr\/accueil\/portfolio\/spectacle\/\"> -Spectacle- <\/a><a href=\"https:\/\/bruno-ferignac-photographe.fr\/accueil\/portfolio\/architectures\/\"> -Paysage urbain-<\/a><\/span><\/p>\n<p style=\"text-align: left;\">\n<\/div><\/div><div id=\"panel-2861-0-0-2\" class=\"so-panel widget widget_rev-slider-widget widget_revslider\" data-index=\"2\" >\n\t\t\t<!-- START Portfolio Carrousel REVOLUTION SLIDER 6.6.15 --><p class=\"rs-p-wp-fix\"><\/p>\n\t\t\t<rs-module-wrap id=\"rev_slider_30_1_wrapper\" data-source=\"gallery\" style=\"visibility:hidden;background:rgba(17,17,17,0);padding:0;margin:0px auto;margin-top:0;margin-bottom:0;\">\n\t\t\t\t<rs-module id=\"rev_slider_30_1\" style=\"\" data-version=\"6.6.15\">\n\t\t\t\t\t<rs-slides style=\"overflow: hidden; position: absolute;\">\n\t\t\t\t\t\t<rs-slide style=\"position: absolute;\" data-key=\"rs-244\" data-title=\"Portrait\" data-thumb=\"\/\/bruno-ferignac-photographe.fr\/accueil\/wp-content\/uploads\/2015\/10\/DSC44551-100x50.jpg\" data-link=\"https:\/\/bruno-ferignac-photographe.fr\/accueil\/portfolio\/portrait\/\" data-tag=\"l\" data-target=\"_self\" data-seoz=\"front\" data-duration=\"4500\" data-anim=\"ms:300;r:0;\" data-in=\"o:0;\" data-out=\"a:false;\">\n\t\t\t\t\t\t\t<img decoding=\"async\" src=\"\/\/bruno-ferignac-photographe.fr\/accueil\/wp-content\/plugins\/revslider\/public\/assets\/assets\/dummy.png\" alt=\"\" title=\"Portrait\" width=\"1024\" height=\"683\" class=\"rev-slidebg tp-rs-img rs-lazyload\" data-lazyload=\"\/\/bruno-ferignac-photographe.fr\/accueil\/wp-content\/uploads\/2015\/10\/DSC44551.jpg\" data-bg=\"f:contain;\" data-no-retina>\n<!--\n\t\t\t\t\t\t\t--><rs-layer\n\t\t\t\t\t\t\t\tid=\"slider-30-slide-244-layer-1\" \n\t\t\t\t\t\t\t\tdata-type=\"text\"\n\t\t\t\t\t\t\t\tdata-color=\"#000000\"\n\t\t\t\t\t\t\t\tdata-rsp_ch=\"on\"\n\t\t\t\t\t\t\t\tdata-xy=\"xo:260px,130px,130px,130px;yo:43px,21px,21px,21px;\"\n\t\t\t\t\t\t\t\tdata-text=\"w:normal;s:55,27,27,27;l:60,30,30,30;fw:300;a:center;\"\n\t\t\t\t\t\t\t\tdata-dim=\"h:54,27,27,27;\"\n\t\t\t\t\t\t\t\tdata-frame_1=\"x:320px,160px,160px,160px;y:1px,0px,0px,0px;sp:2000;\"\n\t\t\t\t\t\t\t\tdata-frame_999=\"o:0;st:w;sR:2500;\"\n\t\t\t\t\t\t\t\tstyle=\"z-index:5;font-family:'Roboto';\"\n\t\t\t\t\t\t\t>Portrait \n\t\t\t\t\t\t\t<\/rs-layer><!--\n-->\t\t\t\t\t\t<\/rs-slide>\n\t\t\t\t\t\t<rs-slide style=\"position: absolute;\" data-key=\"rs-251\" data-title=\"Animalier\" data-thumb=\"\/\/bruno-ferignac-photographe.fr\/accueil\/wp-content\/uploads\/2015\/08\/renarddans-lherbe-100x50.jpg\" data-link=\"https:\/\/bruno-ferignac-photographe.fr\/accueil\/portfolio\/animalier\/\" data-tag=\"l\" data-target=\"_self\" data-seoz=\"front\" data-duration=\"4500\" data-anim=\"ms:300;r:0;\" data-in=\"o:0;\" data-out=\"a:false;\">\n\t\t\t\t\t\t\t<img decoding=\"async\" src=\"\/\/bruno-ferignac-photographe.fr\/accueil\/wp-content\/plugins\/revslider\/public\/assets\/assets\/dummy.png\" alt=\"\" title=\"renarddans l&rsquo;herbe\" width=\"1024\" height=\"684\" class=\"rev-slidebg tp-rs-img rs-lazyload\" data-lazyload=\"\/\/bruno-ferignac-photographe.fr\/accueil\/wp-content\/uploads\/2015\/08\/renarddans-lherbe.jpg\" data-bg=\"f:contain;\" data-no-retina>\n<!--\n\t\t\t\t\t\t\t--><rs-layer\n\t\t\t\t\t\t\t\tid=\"slider-30-slide-251-layer-2\" \n\t\t\t\t\t\t\t\tdata-type=\"text\"\n\t\t\t\t\t\t\t\tdata-color=\"#000000\"\n\t\t\t\t\t\t\t\tdata-rsp_ch=\"on\"\n\t\t\t\t\t\t\t\tdata-xy=\"xo:260px,130px,130px,130px;yo:43px,21px,21px,21px;\"\n\t\t\t\t\t\t\t\tdata-text=\"w:normal;s:55,27,27,27;l:60,30,30,30;fw:300;a:center;\"\n\t\t\t\t\t\t\t\tdata-dim=\"h:54,27,27,27;\"\n\t\t\t\t\t\t\t\tdata-frame_1=\"x:320px,160px,160px,160px;y:1px,0px,0px,0px;sp:2000;\"\n\t\t\t\t\t\t\t\tdata-frame_999=\"o:0;st:w;sR:2500;\"\n\t\t\t\t\t\t\t\tstyle=\"z-index:5;font-family:'Roboto';\"\n\t\t\t\t\t\t\t>Animalier \n\t\t\t\t\t\t\t<\/rs-layer><!--\n-->\t\t\t\t\t\t<\/rs-slide>\n\t\t\t\t\t\t<rs-slide style=\"position: absolute;\" data-key=\"rs-252\" data-title=\"Paysages\" data-thumb=\"\/\/bruno-ferignac-photographe.fr\/accueil\/wp-content\/uploads\/2017\/09\/phare-2-100x50.jpg\" data-link=\"https:\/\/bruno-ferignac-photographe.fr\/accueil\/portfolio\/paysages\/\" data-tag=\"l\" data-target=\"_self\" data-seoz=\"front\" data-duration=\"4500\" data-anim=\"ms:300;r:0;\" data-in=\"o:0;\" data-out=\"a:false;\">\n\t\t\t\t\t\t\t<img decoding=\"async\" src=\"\/\/bruno-ferignac-photographe.fr\/accueil\/wp-content\/plugins\/revslider\/public\/assets\/assets\/dummy.png\" alt=\"Phare des onglons au lever du jour\" title=\"phare-2\" width=\"1200\" height=\"675\" class=\"rev-slidebg tp-rs-img rs-lazyload\" data-lazyload=\"\/\/bruno-ferignac-photographe.fr\/accueil\/wp-content\/uploads\/2017\/09\/phare-2.jpg\" data-bg=\"f:contain;\" data-no-retina>\n<!--\n\t\t\t\t\t\t\t--><rs-layer\n\t\t\t\t\t\t\t\tid=\"slider-30-slide-252-layer-0\" \n\t\t\t\t\t\t\t\tdata-type=\"text\"\n\t\t\t\t\t\t\t\tdata-color=\"#000000\"\n\t\t\t\t\t\t\t\tdata-rsp_ch=\"on\"\n\t\t\t\t\t\t\t\tdata-xy=\"xo:260px,130px,130px,130px;yo:43px,21px,21px,21px;\"\n\t\t\t\t\t\t\t\tdata-text=\"w:normal;s:55,27,27,27;l:60,30,30,30;fw:300;a:center;\"\n\t\t\t\t\t\t\t\tdata-dim=\"h:54,27,27,27;\"\n\t\t\t\t\t\t\t\tdata-frame_1=\"x:320px,160px,160px,160px;y:1px,0px,0px,0px;sp:2000;\"\n\t\t\t\t\t\t\t\tdata-frame_999=\"o:0;st:w;sR:2500;\"\n\t\t\t\t\t\t\t\tstyle=\"z-index:5;font-family:'Roboto';\"\n\t\t\t\t\t\t\t>Paysages \n\t\t\t\t\t\t\t<\/rs-layer><!--\n-->\t\t\t\t\t\t<\/rs-slide>\n\t\t\t\t\t\t<rs-slide style=\"position: absolute;\" data-key=\"rs-257\" data-title=\"un peu de tout en N&amp;B\" data-thumb=\"\/\/bruno-ferignac-photographe.fr\/accueil\/wp-content\/uploads\/2016\/10\/DSC1079-Modifier-Modifier-100x50.jpg\" data-link=\"https:\/\/bruno-ferignac-photographe.fr\/accueil\/portfolio\/pose-longue\/\" data-tag=\"l\" data-target=\"_self\" data-seoz=\"front\" data-duration=\"4500\" data-anim=\"ms:300;r:0;\" data-in=\"o:0;\" data-out=\"a:false;\">\n\t\t\t\t\t\t\t<img decoding=\"async\" src=\"\/\/bruno-ferignac-photographe.fr\/accueil\/wp-content\/plugins\/revslider\/public\/assets\/assets\/dummy.png\" alt=\"minimalisme\" title=\"Ponton de la Salie\" width=\"1024\" height=\"1024\" class=\"rev-slidebg tp-rs-img rs-lazyload\" data-lazyload=\"\/\/bruno-ferignac-photographe.fr\/accueil\/wp-content\/uploads\/2015\/07\/Minimalisme-8.jpg\" data-bg=\"f:contain;\" data-no-retina>\n<!--\n\t\t\t\t\t\t\t--><rs-layer\n\t\t\t\t\t\t\t\tid=\"slider-30-slide-257-layer-0\" \n\t\t\t\t\t\t\t\tdata-type=\"text\"\n\t\t\t\t\t\t\t\tdata-color=\"#000000\"\n\t\t\t\t\t\t\t\tdata-rsp_ch=\"on\"\n\t\t\t\t\t\t\t\tdata-xy=\"xo:184px,92px,92px,92px;yo:512px,256px,256px,256px;\"\n\t\t\t\t\t\t\t\tdata-text=\"w:normal;s:55,27,27,27;l:60,30,30,30;fw:300;a:center;\"\n\t\t\t\t\t\t\t\tdata-dim=\"h:54,27,27,27;\"\n\t\t\t\t\t\t\t\tdata-frame_1=\"x:320px,160px,160px,160px;y:1px,0px,0px,0px;st:1320;sp:2000;sR:1320;\"\n\t\t\t\t\t\t\t\tdata-frame_999=\"o:0;st:w;sR:1180;\"\n\t\t\t\t\t\t\t\tstyle=\"z-index:8;font-family:'Roboto';\"\n\t\t\t\t\t\t\t>en noir et blanc \n\t\t\t\t\t\t\t<\/rs-layer><!--\n\n\t\t\t\t\t\t\t--><rs-layer\n\t\t\t\t\t\t\t\tid=\"slider-30-slide-257-layer-3\" \n\t\t\t\t\t\t\t\tdata-type=\"text\"\n\t\t\t\t\t\t\t\tdata-color=\"#000000\"\n\t\t\t\t\t\t\t\tdata-rsp_ch=\"on\"\n\t\t\t\t\t\t\t\tdata-xy=\"xo:108px,54px,54px,54px;yo:455px,227px,227px,227px;\"\n\t\t\t\t\t\t\t\tdata-text=\"w:normal;s:55,27,27,27;l:60,30,30,30;fw:300;a:center;\"\n\t\t\t\t\t\t\t\tdata-dim=\"h:54,27,27,27;\"\n\t\t\t\t\t\t\t\tdata-frame_1=\"x:230px,160px,160px,160px;y:2px,0px,0px,0px;st:20;sp:1780;sR:20;\"\n\t\t\t\t\t\t\t\tdata-frame_999=\"o:0;st:w;sR:2700;\"\n\t\t\t\t\t\t\t\tstyle=\"z-index:9;font-family:'Roboto';\"\n\t\t\t\t\t\t\t>Un peu de tout  \n\t\t\t\t\t\t\t<\/rs-layer><!--\n-->\t\t\t\t\t\t<\/rs-slide>\n\t\t\t\t\t\t<rs-slide style=\"position: absolute;\" data-key=\"rs-254\" data-title=\"Communication\" data-thumb=\"\/\/bruno-ferignac-photographe.fr\/accueil\/wp-content\/uploads\/2016\/10\/DSC1850-Modifier-100x50.jpg\" data-link=\"https:\/\/bruno-ferignac-photographe.fr\/accueil\/portfolio\/communication\/\" data-tag=\"l\" data-target=\"_self\" data-seoz=\"front\" data-duration=\"4500\" data-anim=\"ms:300;r:0;\" data-in=\"o:0;\" data-out=\"a:false;\">\n\t\t\t\t\t\t\t<img decoding=\"async\" src=\"\/\/bruno-ferignac-photographe.fr\/accueil\/wp-content\/plugins\/revslider\/public\/assets\/assets\/dummy.png\" alt=\"huile olive\" title=\"huile olive\" width=\"800\" height=\"1200\" class=\"rev-slidebg tp-rs-img rs-lazyload\" data-lazyload=\"\/\/bruno-ferignac-photographe.fr\/accueil\/wp-content\/uploads\/2016\/10\/DSC1850-Modifier.jpg\" data-bg=\"p:50% 70%;f:auto;\" data-no-retina>\n<!--\n\t\t\t\t\t\t\t--><rs-layer\n\t\t\t\t\t\t\t\tid=\"slider-30-slide-254-layer-0\" \n\t\t\t\t\t\t\t\tdata-type=\"text\"\n\t\t\t\t\t\t\t\tdata-color=\"#000000\"\n\t\t\t\t\t\t\t\tdata-rsp_ch=\"on\"\n\t\t\t\t\t\t\t\tdata-xy=\"xo:-19px,-9px,-9px,-9px;yo:135px,67px,67px,67px;\"\n\t\t\t\t\t\t\t\tdata-text=\"w:normal;s:55,27,27,27;l:60,30,30,30;fw:300;a:center;\"\n\t\t\t\t\t\t\t\tdata-dim=\"h:54,27,27,27;\"\n\t\t\t\t\t\t\t\tdata-frame_1=\"x:441px,220px,220px,220px;y:-1px,0px,0px,0px;sp:2000;\"\n\t\t\t\t\t\t\t\tdata-frame_999=\"o:0;st:w;sR:2500;\"\n\t\t\t\t\t\t\t\tstyle=\"z-index:5;font-family:'Roboto';\"\n\t\t\t\t\t\t\t>Communication \n\t\t\t\t\t\t\t<\/rs-layer><!--\n-->\t\t\t\t\t\t<\/rs-slide>\n\t\t\t\t\t\t<rs-slide style=\"position: absolute;\" data-key=\"rs-255\" data-title=\"Spectacle\" data-thumb=\"\/\/bruno-ferignac-photographe.fr\/accueil\/wp-content\/uploads\/2015\/07\/Sedi\u00e8res-2015-7-100x50.jpg\" data-link=\"https:\/\/bruno-ferignac-photographe.fr\/accueil\/portfolio\/paysages\/\" data-tag=\"l\" data-target=\"_self\" data-seoz=\"front\" data-duration=\"4500\" data-anim=\"ms:300;r:0;\" data-in=\"o:0;\" data-out=\"a:false;\">\n\t\t\t\t\t\t\t<img decoding=\"async\" src=\"\/\/bruno-ferignac-photographe.fr\/accueil\/wp-content\/plugins\/revslider\/public\/assets\/assets\/dummy.png\" alt=\"\" title=\"Sedi\u00e8res-2015-7\" width=\"1024\" height=\"684\" class=\"rev-slidebg tp-rs-img rs-lazyload\" data-lazyload=\"\/\/bruno-ferignac-photographe.fr\/accueil\/wp-content\/uploads\/2015\/07\/Sedi\u00e8res-2015-7.jpg\" data-bg=\"f:contain;\" data-no-retina>\n<!--\n\t\t\t\t\t\t\t--><rs-layer\n\t\t\t\t\t\t\t\tid=\"slider-30-slide-255-layer-0\" \n\t\t\t\t\t\t\t\tdata-type=\"text\"\n\t\t\t\t\t\t\t\tdata-color=\"#000000\"\n\t\t\t\t\t\t\t\tdata-rsp_ch=\"on\"\n\t\t\t\t\t\t\t\tdata-xy=\"xo:260px,130px,130px,130px;yo:43px,21px,21px,21px;\"\n\t\t\t\t\t\t\t\tdata-text=\"w:normal;s:55,27,27,27;l:60,30,30,30;fw:300;a:center;\"\n\t\t\t\t\t\t\t\tdata-dim=\"h:54,27,27,27;\"\n\t\t\t\t\t\t\t\tdata-frame_1=\"x:320px,160px,160px,160px;y:1px,0px,0px,0px;sp:2000;\"\n\t\t\t\t\t\t\t\tdata-frame_999=\"o:0;st:w;sR:2500;\"\n\t\t\t\t\t\t\t\tstyle=\"z-index:5;font-family:'Roboto';\"\n\t\t\t\t\t\t\t>Spectacle \n\t\t\t\t\t\t\t<\/rs-layer><!--\n-->\t\t\t\t\t\t<\/rs-slide>\n\t\t\t\t\t\t<rs-slide style=\"position: absolute;\" data-key=\"rs-256\" data-title=\"Paysage urbain\" data-thumb=\"\/\/bruno-ferignac-photographe.fr\/accueil\/wp-content\/uploads\/2017\/06\/DSC3367-Modifier-100x50.jpg\" data-link=\"https:\/\/bruno-ferignac-photographe.fr\/accueil\/portfolio\/architectures\/\" data-tag=\"l\" data-target=\"_self\" data-seoz=\"front\" data-duration=\"4500\" data-anim=\"ms:300;r:0;\" data-in=\"o:0;\" data-out=\"a:false;\">\n\t\t\t\t\t\t\t<img decoding=\"async\" src=\"\/\/bruno-ferignac-photographe.fr\/accueil\/wp-content\/plugins\/revslider\/public\/assets\/assets\/dummy.png\" alt=\"\" title=\"sete nuit\" width=\"1200\" height=\"675\" class=\"rev-slidebg tp-rs-img rs-lazyload\" data-lazyload=\"\/\/bruno-ferignac-photographe.fr\/accueil\/wp-content\/uploads\/2017\/06\/DSC3367-Modifier.jpg\" data-bg=\"f:contain;\" data-no-retina>\n<!--\n\t\t\t\t\t\t\t--><rs-layer\n\t\t\t\t\t\t\t\tid=\"slider-30-slide-256-layer-0\" \n\t\t\t\t\t\t\t\tdata-type=\"text\"\n\t\t\t\t\t\t\t\tdata-color=\"#000000\"\n\t\t\t\t\t\t\t\tdata-rsp_ch=\"on\"\n\t\t\t\t\t\t\t\tdata-xy=\"xo:143px,71px,71px,71px;yo:114px,57px,57px,57px;\"\n\t\t\t\t\t\t\t\tdata-text=\"w:normal;s:55,27,27,27;l:60,30,30,30;fw:300;a:center;\"\n\t\t\t\t\t\t\t\tdata-dim=\"h:54,27,27,27;\"\n\t\t\t\t\t\t\t\tdata-frame_1=\"x:320px,160px,160px,160px;y:1px,0px,0px,0px;sp:2000;\"\n\t\t\t\t\t\t\t\tdata-frame_999=\"o:0;st:w;sR:2500;\"\n\t\t\t\t\t\t\t\tstyle=\"z-index:9;font-family:'Roboto';\"\n\t\t\t\t\t\t\t>Architecture \n\t\t\t\t\t\t\t<\/rs-layer><!--\n\n\t\t\t\t\t\t\t--><rs-layer\n\t\t\t\t\t\t\t\tid=\"slider-30-slide-256-layer-3\" \n\t\t\t\t\t\t\t\tdata-type=\"text\"\n\t\t\t\t\t\t\t\tdata-color=\"#000000\"\n\t\t\t\t\t\t\t\tdata-rsp_ch=\"on\"\n\t\t\t\t\t\t\t\tdata-xy=\"xo:123px,61px,61px,61px;yo:32px,16px,16px,16px;\"\n\t\t\t\t\t\t\t\tdata-text=\"w:normal;s:55,27,27,27;l:60,30,30,30;fw:300;a:center;\"\n\t\t\t\t\t\t\t\tdata-dim=\"h:54,27,27,27;\"\n\t\t\t\t\t\t\t\tdata-frame_1=\"x:320px,160px,160px,160px;y:1px,0px,0px,0px;sp:2000;\"\n\t\t\t\t\t\t\t\tdata-frame_999=\"o:0;st:w;sR:2500;\"\n\t\t\t\t\t\t\t\tstyle=\"z-index:8;font-family:'Roboto';\"\n\t\t\t\t\t\t\t>Paysage urbain \n\t\t\t\t\t\t\t<\/rs-layer><!--\n-->\t\t\t\t\t\t<\/rs-slide>\n\t\t\t\t\t<\/rs-slides>\n\t\t\t\t<\/rs-module>\n\t\t\t\t<script>\n\t\t\t\t\tsetREVStartSize({c: 'rev_slider_30_1',rl:[1240,1024,768,480],el:[600,512,600,480],gw:[1200,600,600,600],gh:[600,600,600,600],type:'carousel',justify:'',layout:'fullwidth',thumbh:\"80\",mh:\"0\"});if (window.RS_MODULES!==undefined && window.RS_MODULES.modules!==undefined && window.RS_MODULES.modules[\"revslider301\"]!==undefined) {window.RS_MODULES.modules[\"revslider301\"].once = false;window.revapi30 = undefined;if (window.RS_MODULES.checkMinimal!==undefined) window.RS_MODULES.checkMinimal()}\n\t\t\t\t<\/script>\n\t\t\t<\/rs-module-wrap>\n\t\t\t<!-- END REVOLUTION SLIDER -->\n<\/div><div id=\"panel-2861-0-0-3\" class=\"so-panel widget widget_black-studio-tinymce widget_black_studio_tinymce\" data-index=\"3\" ><div class=\"textwidget\"><p>&nbsp;&nbsp;<\/p>\n<p style=\"text-align: center;\"><span class=\"corps\">Toutes mes galeries:<br \/>\n <a href=\"https:\/\/bruno-ferignac-photographe.fr\/accueil\/portfolio\/portrait\/\"> -Portrait- <\/a><a href=\"https:\/\/bruno-ferignac-photographe.fr\/accueil\/portfolio\/animalier\/\"> -Animalier- <\/a><a href=\"https:\/\/bruno-ferignac-photographe.fr\/accueil\/portfolio\/paysage\/\"> -Paysage- <\/a><a href=\"https:\/\/bruno-ferignac-photographe.fr\/accueil\/portfolio\/pose-longue\/\"> -Noir et blanc- <\/a><a href=\"https:\/\/bruno-ferignac-photographe.fr\/accueil\/portfolio\/communication\/\"> -Communication- <\/a><a href=\"https:\/\/bruno-ferignac-photographe.fr\/accueil\/portfolio\/spectacle\/\"> -Spectacle- <\/a><a href=\"https:\/\/bruno-ferignac-photographe.fr\/accueil\/portfolio\/architectures\/\"> -Paysage urbain-<\/a><\/span><\/p>\n<p style=\"text-align: left;\"><span class=\"bas-de-page\">Vous trouverez \u00e9galement quelques extraits de s\u00e9ances <a href=\"https:\/\/bruno-ferignac-photographe.fr\/accueil\/articles\">sur mon blog<\/a>.<\/a><\/span><\/p>\n<\/div><\/div><div id=\"panel-2861-0-0-4\" class=\"so-panel widget widget_black-studio-tinymce widget_black_studio_tinymce panel-last-child\" data-index=\"4\" ><div class=\"textwidget\"><p style=\"text-align: center;\"><span class=\"bas-de-page\">Acc\u00e8s direct \u00e0\u00a0\u00a0<a href=\"https:\/\/bruno-ferignac-photographe.fr\/accueil\/#accueil\">l'accueil,<\/a>\u00a0 <a href=\"https:\/\/bruno-ferignac-photographe.fr\/accueil\/portfolio\">mon portfolio,<\/a>\u00a0\u00a0<a href=\"https:\/\/bruno-ferignac-photographe.fr\/accueil\/blog\">mon blog<\/a>.<br>\nD\u00e9couvrez \u00a0\u00a0<a href=\"https:\/\/bruno-ferignac-photographe.fr\/accueil\/prestations\/stage\/\">mes stages<\/a>\u00a0 \u00a0ou \u00a0<a href=\"https:\/\/bruno-ferignac-photographe.fr\/accueil\/contact\">contactez moi<\/a>.<\/span><\/p><\/div><\/div><\/div><\/div><\/div>","protected":false},"excerpt":{"rendered":"<p>Mon portfolio ! Dans ce book, vous trouverez mes r\u00e9alisations personnelles et professionnelles prisent dans le&hellip;<\/p>\n","protected":false},"author":1,"featured_media":0,"parent":0,"menu_order":0,"comment_status":"closed","ping_status":"closed","template":"","meta":{"footnotes":""},"class_list":["post-2861","page","type-page","status-publish","hentry"],"yoast_head":"<!-- This site is optimized with the Yoast SEO plugin v27.2 - https:\/\/yoast.com\/product\/yoast-seo-wordpress\/ -->\n<title>Portfolio - L&#039; atelier pho&#039;thau<\/title>\n<meta name=\"description\" content=\"Dans ce book, vous trouverez mes r\u00e9alisations personnelles et professionnelles\" \/>\n<meta name=\"robots\" content=\"index, follow, max-snippet:-1, max-image-preview:large, max-video-preview:-1\" \/>\n<link rel=\"canonical\" href=\"http:\/\/bruno-ferignac-photographe.fr\/accueil\/portfolio\/\" \/>\n<meta name=\"twitter:card\" content=\"summary_large_image\" \/>\n<meta name=\"twitter:title\" content=\"Portfolio - L&#039; atelier pho&#039;thau\" \/>\n<meta name=\"twitter:description\" content=\"Dans ce book, vous trouverez mes r\u00e9alisations personnelles et professionnelles\" \/>\n<meta name=\"twitter:label1\" content=\"Dur\u00e9e de lecture estim\u00e9e\" \/>\n\t<meta name=\"twitter:data1\" content=\"1 minute\" \/>\n<script type=\"application\/ld+json\" class=\"yoast-schema-graph\">{\"@context\":\"https:\/\/schema.org\",\"@graph\":[{\"@type\":\"WebPage\",\"@id\":\"http:\/\/bruno-ferignac-photographe.fr\/accueil\/portfolio\/\",\"url\":\"http:\/\/bruno-ferignac-photographe.fr\/accueil\/portfolio\/\",\"name\":\"Portfolio - L&#039; atelier pho&#039;thau\",\"isPartOf\":{\"@id\":\"https:\/\/bruno-ferignac-photographe.fr\/accueil\/#website\"},\"datePublished\":\"2017-06-17T14:04:11+00:00\",\"dateModified\":\"2020-06-30T11:46:14+00:00\",\"description\":\"Dans ce book, vous trouverez mes r\u00e9alisations personnelles et professionnelles\",\"breadcrumb\":{\"@id\":\"http:\/\/bruno-ferignac-photographe.fr\/accueil\/portfolio\/#breadcrumb\"},\"inLanguage\":\"fr-FR\",\"potentialAction\":[{\"@type\":\"ReadAction\",\"target\":[\"http:\/\/bruno-ferignac-photographe.fr\/accueil\/portfolio\/\"]}]},{\"@type\":\"BreadcrumbList\",\"@id\":\"http:\/\/bruno-ferignac-photographe.fr\/accueil\/portfolio\/#breadcrumb\",\"itemListElement\":[{\"@type\":\"ListItem\",\"position\":1,\"name\":\"Accueil\",\"item\":\"http:\/\/bruno-ferignac-photographe.fr\/accueil\/\"},{\"@type\":\"ListItem\",\"position\":2,\"name\":\"Portfolio\"}]},{\"@type\":\"WebSite\",\"@id\":\"https:\/\/bruno-ferignac-photographe.fr\/accueil\/#website\",\"url\":\"https:\/\/bruno-ferignac-photographe.fr\/accueil\/\",\"name\":\"L&#039; atelier pho&#039;thau\",\"description\":\"Un photographe pour vous !\",\"potentialAction\":[{\"@type\":\"SearchAction\",\"target\":{\"@type\":\"EntryPoint\",\"urlTemplate\":\"https:\/\/bruno-ferignac-photographe.fr\/accueil\/?s={search_term_string}\"},\"query-input\":{\"@type\":\"PropertyValueSpecification\",\"valueRequired\":true,\"valueName\":\"search_term_string\"}}],\"inLanguage\":\"fr-FR\"}]}<\/script>\n<!-- \/ Yoast SEO plugin. -->","yoast_head_json":{"title":"Portfolio - L&#039; atelier pho&#039;thau","description":"Dans ce book, vous trouverez mes r\u00e9alisations personnelles et professionnelles","robots":{"index":"index","follow":"follow","max-snippet":"max-snippet:-1","max-image-preview":"max-image-preview:large","max-video-preview":"max-video-preview:-1"},"canonical":"http:\/\/bruno-ferignac-photographe.fr\/accueil\/portfolio\/","twitter_card":"summary_large_image","twitter_title":"Portfolio - L&#039; atelier pho&#039;thau","twitter_description":"Dans ce book, vous trouverez mes r\u00e9alisations personnelles et professionnelles","twitter_misc":{"Dur\u00e9e de lecture estim\u00e9e":"1 minute"},"schema":{"@context":"https:\/\/schema.org","@graph":[{"@type":"WebPage","@id":"http:\/\/bruno-ferignac-photographe.fr\/accueil\/portfolio\/","url":"http:\/\/bruno-ferignac-photographe.fr\/accueil\/portfolio\/","name":"Portfolio - L&#039; atelier pho&#039;thau","isPartOf":{"@id":"https:\/\/bruno-ferignac-photographe.fr\/accueil\/#website"},"datePublished":"2017-06-17T14:04:11+00:00","dateModified":"2020-06-30T11:46:14+00:00","description":"Dans ce book, vous trouverez mes r\u00e9alisations personnelles et professionnelles","breadcrumb":{"@id":"http:\/\/bruno-ferignac-photographe.fr\/accueil\/portfolio\/#breadcrumb"},"inLanguage":"fr-FR","potentialAction":[{"@type":"ReadAction","target":["http:\/\/bruno-ferignac-photographe.fr\/accueil\/portfolio\/"]}]},{"@type":"BreadcrumbList","@id":"http:\/\/bruno-ferignac-photographe.fr\/accueil\/portfolio\/#breadcrumb","itemListElement":[{"@type":"ListItem","position":1,"name":"Accueil","item":"http:\/\/bruno-ferignac-photographe.fr\/accueil\/"},{"@type":"ListItem","position":2,"name":"Portfolio"}]},{"@type":"WebSite","@id":"https:\/\/bruno-ferignac-photographe.fr\/accueil\/#website","url":"https:\/\/bruno-ferignac-photographe.fr\/accueil\/","name":"L&#039; atelier pho&#039;thau","description":"Un photographe pour vous !","potentialAction":[{"@type":"SearchAction","target":{"@type":"EntryPoint","urlTemplate":"https:\/\/bruno-ferignac-photographe.fr\/accueil\/?s={search_term_string}"},"query-input":{"@type":"PropertyValueSpecification","valueRequired":true,"valueName":"search_term_string"}}],"inLanguage":"fr-FR"}]}},"_links":{"self":[{"href":"http:\/\/bruno-ferignac-photographe.fr\/accueil\/wp-json\/wp\/v2\/pages\/2861","targetHints":{"allow":["GET"]}}],"collection":[{"href":"http:\/\/bruno-ferignac-photographe.fr\/accueil\/wp-json\/wp\/v2\/pages"}],"about":[{"href":"http:\/\/bruno-ferignac-photographe.fr\/accueil\/wp-json\/wp\/v2\/types\/page"}],"author":[{"embeddable":true,"href":"http:\/\/bruno-ferignac-photographe.fr\/accueil\/wp-json\/wp\/v2\/users\/1"}],"replies":[{"embeddable":true,"href":"http:\/\/bruno-ferignac-photographe.fr\/accueil\/wp-json\/wp\/v2\/comments?post=2861"}],"version-history":[{"count":35,"href":"http:\/\/bruno-ferignac-photographe.fr\/accueil\/wp-json\/wp\/v2\/pages\/2861\/revisions"}],"predecessor-version":[{"id":8476,"href":"http:\/\/bruno-ferignac-photographe.fr\/accueil\/wp-json\/wp\/v2\/pages\/2861\/revisions\/8476"}],"wp:attachment":[{"href":"http:\/\/bruno-ferignac-photographe.fr\/accueil\/wp-json\/wp\/v2\/media?parent=2861"}],"curies":[{"name":"wp","href":"https:\/\/api.w.org\/{rel}","templated":true}]}}