{"id":3104,"date":"2017-07-16T15:13:34","date_gmt":"2017-07-16T13:13:34","guid":{"rendered":"http:\/\/bruno-ferignac-photographe.fr\/accueil\/?page_id=3104"},"modified":"2020-06-30T08:50:29","modified_gmt":"2020-06-30T06:50:29","slug":"prise-main-de-reflex","status":"publish","type":"page","link":"http:\/\/bruno-ferignac-photographe.fr\/accueil\/prestations\/stage\/prise-main-de-reflex\/","title":{"rendered":"Prise en main de votre reflex"},"content":{"rendered":"<div id=\"pl-3104\"  class=\"panel-layout\" ><div id=\"pg-3104-0\"  class=\"panel-grid panel-no-style\" ><div id=\"pgc-3104-0-0\"  class=\"panel-grid-cell\" ><div id=\"panel-3104-0-0-0\" class=\"so-panel widget widget_text panel-first-child panel-last-child\" data-index=\"0\" >\t\t\t<div class=\"textwidget\"><p class=\"marge\" style=\"text-align: center;\"><strong>&#8211; Disponible toute l&rsquo;ann\u00e9e &#8211;<\/strong><\/p>\n<p class=\"marge\" style=\"text-align: center;\"><strong>&#8211;\u00a0<\/strong><b>Individuel ou\u00a0groupe &#8211;\u00a0<\/b><\/p>\n<p class=\"bas-de-page\" style=\"text-align: center; padding-right: 90px;\">\n<\/div>\n\t\t<\/div><\/div><div id=\"pgc-3104-0-1\"  class=\"panel-grid-cell panel-grid-cell-mobile-last\" ><div id=\"panel-3104-0-1-0\" class=\"so-panel widget panel-first-child panel-last-child\" data-index=\"1\" ><\/div><\/div><div id=\"pgc-3104-0-2\"  class=\"panel-grid-cell panel-grid-cell-empty\" ><\/div><\/div><div id=\"pg-3104-1\"  class=\"panel-grid panel-no-style\" ><div id=\"pgc-3104-1-0\"  class=\"panel-grid-cell\" ><div id=\"panel-3104-1-0-0\" class=\"so-panel widget widget_text panel-first-child\" data-index=\"2\" >\t\t\t<div class=\"textwidget\"><p class=\"corps\" style=\"text-align: left;\">Stage de 2 heures ouvert aux photographes d\u00e9butants venant d&rsquo;acqu\u00e9rir leur premier reflex avec sa notice de 300 pages et souhaitant comprendre les diff\u00e9rents r\u00e9glages qu&rsquo;il propose!<\/p>\n<p class=\"corps\" style=\"text-align: left;\">\u00a0Nous aborderons donc :<\/p>\n<ul>\n<li class=\"corps\" style=\"text-align: left;\">-Les diff\u00e9rents modes de prise de vues (MASP).<\/li>\n<li class=\"corps\" style=\"text-align: left;\">-La mesure de la lumi\u00e8re (spot, pond\u00e9r\u00e9 central, \u00a0matriciel).<\/li>\n<li class=\"corps\" style=\"text-align: left;\">-L&rsquo;autofocus, ses r\u00e9glages (continu, suivi ) et les collimateurs.<\/li>\n<li class=\"corps\" style=\"text-align: left;\">-La balance des blancs, la qualit\u00e9 d&rsquo;image, les isos.<\/li>\n<li class=\"corps\" style=\"text-align: left;\">-Les moyens de contr\u00f4ler vos images (histogramme, zones surexpos\u00e9es, nettet\u00e9)<\/li>\n<\/ul>\n<p class=\"corps\" style=\"text-align: left; padding-left: 30px;\"><em>En \u00e9voquant tous ces r\u00e9glages, nous parlerons \u00a0donc de la prise de vues de mani\u00e8re g\u00e9n\u00e9rale \u00a0comme \u00a0de la \u00a0composition\u00a0d&rsquo;image ou du rapport ouverture \/vitesse \/sensibilit\u00e9. Nous verrons comment ces variables permettent d&rsquo;\u00eatre cr\u00e9atif et efficace.<\/em><\/p>\n<ul>\n<li class=\"corps\" style=\"text-align: left;\"><em>-Mat\u00e9riel conseill\u00e9 : reflex ou hybride avec un zoom standard et\/ou zoom t\u00e9l\u00e9objectif<\/em><\/li>\n<li class=\"corps\" style=\"text-align: left;\"><em>-Pour tous renseignements <a href=\" https:\/\/bruno-ferignac-photographe.fr\/accueil\/contact\/formulaire-de-contact\/\">contactez moi<\/a><\/em><\/li>\n<\/ul>\n<p class=\"bas-de-page\" style=\"text-align: center; padding-right: 90px;\">&#8211; D\u00e9couvrez tous <a href=\"https:\/\/bruno-ferignac-photographe.fr\/accueil\/prestations\/stage\">mes stages &#8211;<\/a><\/p>\n<\/div>\n\t\t<\/div><div id=\"panel-3104-1-0-1\" class=\"so-panel widget widget_media_image\" data-index=\"3\" ><h3 class=\"widget-title\">Bon cadeau possible \ud83d\ude09<\/h3><img loading=\"lazy\" decoding=\"async\" width=\"1200\" height=\"571\" src=\"http:\/\/bruno-ferignac-photographe.fr\/accueil\/wp-content\/uploads\/2017\/12\/Bon-cadeau-prise-en-main.jpg\" class=\"image wp-image-4188  attachment-full size-full\" alt=\"\" style=\"max-width: 100%; height: auto;\" srcset=\"http:\/\/bruno-ferignac-photographe.fr\/accueil\/wp-content\/uploads\/2017\/12\/Bon-cadeau-prise-en-main.jpg 1200w, http:\/\/bruno-ferignac-photographe.fr\/accueil\/wp-content\/uploads\/2017\/12\/Bon-cadeau-prise-en-main-600x286.jpg 600w, http:\/\/bruno-ferignac-photographe.fr\/accueil\/wp-content\/uploads\/2017\/12\/Bon-cadeau-prise-en-main-1024x487.jpg 1024w\" sizes=\"auto, (max-width: 1200px) 100vw, 1200px\" \/><\/div><div id=\"panel-3104-1-0-2\" class=\"so-panel widget widget_text\" data-index=\"4\" >\t\t\t<div class=\"textwidget\"><p class=\"bas-de-page\" style=\"text-align: center; padding-right: 90px;\">&#8211; D\u00e9couvrez tous <a href=\"https:\/\/bruno-ferignac-photographe.fr\/accueil\/prestations\/stage\">mes stages<\/a>\u00a0 &#8211; Visitez <a href=\"https:\/\/bruno-ferignac-photographe.fr\/accueil\/portfolio\">mon portfolio<\/a> &#8211; <a href=\"https:\/\/bruno-ferignac-photographe.fr\/accueil\/contact\/formulaire-de-contact\/\">Contactez moi<\/a> &#8211;<\/p>\n<\/div>\n\t\t<\/div><div id=\"panel-3104-1-0-3\" class=\"so-panel widget widget_text panel-last-child\" data-index=\"5\" >\t\t\t<div class=\"textwidget\"><div class=\"juiz_sps_links  counters_both juiz_sps_displayed_nowhere\" data-post-id=\"\">\n<p class=\"screen-reader-text juiz_sps_maybe_hidden_text\">Partager la publication \u00ab\u00a0\u00a0\u00bb<\/p>\n<ul class=\"juiz_sps_links_list juiz_sps_hide_name\" onclick=\"void(0);\">\n<li class=\"juiz_sps_item juiz_sps_link_facebook\"><a href=\"https:\/\/www.facebook.com\/sharer.php?u=http%3A%2F%2Fbruno-ferignac-photographe.fr%2Faccueil%2Fwp-json%2Fwp%2Fv2%2Fpages%2F3104\" rel=\"nofollow\"   title=\"Partager cet article sur Facebook\" class=\"juiz_sps_button\" data-nobs-key=\"facebook\"><span class=\"juiz_sps_icon jsps-facebook\"><\/span><span class=\"juiz_sps_network_name\">Facebook<\/span><\/a><\/li>\n<li class=\"juiz_sps_item juiz_sps_link_twitter\"><a href=\"https:\/\/x.com\/intent\/tweet?source=webclient&#038;original_referer=http%3A%2F%2Fbruno-ferignac-photographe.fr%2Faccueil%2Fwp-json%2Fwp%2Fv2%2Fpages%2F3104&#038;text=&#038;url=http%3A%2F%2Fbruno-ferignac-photographe.fr%2Faccueil%2Fwp-json%2Fwp%2Fv2%2Fpages%2F3104\" rel=\"nofollow\"   title=\"Partager cet article sur X\" class=\"juiz_sps_button\" data-nobs-key=\"twitter\"><span class=\"juiz_sps_icon jsps-twitter\"><\/span><span class=\"juiz_sps_network_name\">X<\/span><\/a><\/li>\n<li class=\"juiz_sps_item juiz_sps_link_pinterest\"><a href=\"\" rel=\"nofollow\"   title=\"Partager une image de cette publication sur Pinterest\" class=\"juiz_sps_button\" data-nobs-key=\"pinterest\"><span class=\"juiz_sps_icon jsps-pinterest\"><\/span><span class=\"juiz_sps_network_name\">Pinterest<\/span><\/a><\/li>\n<li class=\"juiz_sps_item juiz_sps_link_linkedin\"><a href=\"https:\/\/www.linkedin.com\/sharing\/share-offsite\/?url=http%3A%2F%2Fbruno-ferignac-photographe.fr%2Faccueil%2Fwp-json%2Fwp%2Fv2%2Fpages%2F3104\" rel=\"nofollow\"   title=\"Partager cet article sur LinkedIn\" class=\"juiz_sps_button\" data-nobs-key=\"linkedin\"><span class=\"juiz_sps_icon jsps-linkedin\"><\/span><span class=\"juiz_sps_network_name\">LinkedIn<\/span><\/a><\/li>\n<li class=\"juiz_sps_item juiz_sps_link_mail\"><a href=\"mailto:?subject=Un%20photographe&#038;body=J&#039;ai%20trouv\u00e9%20un%20photographe.%20Je%20pense%20que%20son%20travail%20peut%20t&#039;int\u00e9resser.%20Bonne%20journ\u00e9e%20:)%20\" rel=\"nofollow\"   title=\"Partager cette publication avec un ami (e-mail)\" class=\"juiz_sps_button\" data-nobs-key=\"mail\"><span class=\"juiz_sps_icon jsps-mail\"><\/span><span class=\"juiz_sps_network_name\">E-mail<\/span><\/a><\/li>\n<\/ul><\/div>\n<\/div>\n\t\t<\/div><\/div><\/div><\/div>","protected":false},"excerpt":{"rendered":"<p>&#8211; Disponible toute l&rsquo;ann\u00e9e &#8211; &#8211;\u00a0Individuel ou\u00a0groupe &#8211;\u00a0 Stage de 2 heures ouvert aux photographes d\u00e9butants&hellip;<\/p>\n","protected":false},"author":1,"featured_media":3040,"parent":2378,"menu_order":0,"comment_status":"closed","ping_status":"closed","template":"","meta":{"footnotes":""},"class_list":["post-3104","page","type-page","status-publish","has-post-thumbnail","hentry"],"yoast_head":"<!-- This site is optimized with the Yoast SEO plugin v27.2 - https:\/\/yoast.com\/product\/yoast-seo-wordpress\/ -->\n<title>Prise en main de votre reflex - L&#039; atelier pho&#039;thau<\/title>\n<meta name=\"description\" content=\"Stage photo pour d\u00e9butant venant d&#039;acqu\u00e9rir leur premier reflex avec sa notice de 300 pages et souhaitant comprendre les diff\u00e9rents r\u00e9glages qu&#039;il propose.\" \/>\n<meta name=\"robots\" content=\"index, follow, max-snippet:-1, max-image-preview:large, max-video-preview:-1\" \/>\n<link rel=\"canonical\" href=\"http:\/\/bruno-ferignac-photographe.fr\/accueil\/prestations\/stage\/prise-main-de-reflex\/\" \/>\n<meta name=\"twitter:card\" content=\"summary_large_image\" \/>\n<meta name=\"twitter:title\" content=\"Prise en main de votre reflex - L&#039; atelier pho&#039;thau\" \/>\n<meta name=\"twitter:description\" content=\"Stage photo pour d\u00e9butant venant d&#039;acqu\u00e9rir leur premier reflex avec sa notice de 300 pages et souhaitant comprendre les diff\u00e9rents r\u00e9glages qu&#039;il propose.\" \/>\n<meta name=\"twitter:image\" content=\"http:\/\/bruno-ferignac-photographe.fr\/accueil\/wp-content\/uploads\/2017\/07\/macareux-moine.jpg\" \/>\n<meta name=\"twitter:label1\" content=\"Dur\u00e9e de lecture estim\u00e9e\" \/>\n\t<meta name=\"twitter:data1\" content=\"1 minute\" \/>\n<script type=\"application\/ld+json\" class=\"yoast-schema-graph\">{\"@context\":\"https:\/\/schema.org\",\"@graph\":[{\"@type\":\"WebPage\",\"@id\":\"http:\/\/bruno-ferignac-photographe.fr\/accueil\/prestations\/stage\/prise-main-de-reflex\/\",\"url\":\"http:\/\/bruno-ferignac-photographe.fr\/accueil\/prestations\/stage\/prise-main-de-reflex\/\",\"name\":\"Prise en main de votre reflex - L&#039; atelier pho&#039;thau\",\"isPartOf\":{\"@id\":\"https:\/\/bruno-ferignac-photographe.fr\/accueil\/#website\"},\"primaryImageOfPage\":{\"@id\":\"http:\/\/bruno-ferignac-photographe.fr\/accueil\/prestations\/stage\/prise-main-de-reflex\/#primaryimage\"},\"image\":{\"@id\":\"http:\/\/bruno-ferignac-photographe.fr\/accueil\/prestations\/stage\/prise-main-de-reflex\/#primaryimage\"},\"thumbnailUrl\":\"http:\/\/bruno-ferignac-photographe.fr\/accueil\/wp-content\/uploads\/2017\/07\/macareux-moine.jpg\",\"datePublished\":\"2017-07-16T13:13:34+00:00\",\"dateModified\":\"2020-06-30T06:50:29+00:00\",\"description\":\"Stage photo pour d\u00e9butant venant d'acqu\u00e9rir leur premier reflex avec sa notice de 300 pages et souhaitant comprendre les diff\u00e9rents r\u00e9glages qu'il propose.\",\"breadcrumb\":{\"@id\":\"http:\/\/bruno-ferignac-photographe.fr\/accueil\/prestations\/stage\/prise-main-de-reflex\/#breadcrumb\"},\"inLanguage\":\"fr-FR\",\"potentialAction\":[{\"@type\":\"ReadAction\",\"target\":[\"http:\/\/bruno-ferignac-photographe.fr\/accueil\/prestations\/stage\/prise-main-de-reflex\/\"]}]},{\"@type\":\"ImageObject\",\"inLanguage\":\"fr-FR\",\"@id\":\"http:\/\/bruno-ferignac-photographe.fr\/accueil\/prestations\/stage\/prise-main-de-reflex\/#primaryimage\",\"url\":\"http:\/\/bruno-ferignac-photographe.fr\/accueil\/wp-content\/uploads\/2017\/07\/macareux-moine.jpg\",\"contentUrl\":\"http:\/\/bruno-ferignac-photographe.fr\/accueil\/wp-content\/uploads\/2017\/07\/macareux-moine.jpg\",\"width\":1200,\"height\":797},{\"@type\":\"BreadcrumbList\",\"@id\":\"http:\/\/bruno-ferignac-photographe.fr\/accueil\/prestations\/stage\/prise-main-de-reflex\/#breadcrumb\",\"itemListElement\":[{\"@type\":\"ListItem\",\"position\":1,\"name\":\"Accueil\",\"item\":\"http:\/\/bruno-ferignac-photographe.fr\/accueil\/\"},{\"@type\":\"ListItem\",\"position\":2,\"name\":\"Prestations\",\"item\":\"https:\/\/bruno-ferignac-photographe.fr\/accueil\/prestations\/\"},{\"@type\":\"ListItem\",\"position\":3,\"name\":\"Stage photo\",\"item\":\"https:\/\/bruno-ferignac-photographe.fr\/accueil\/prestations\/stage\/\"},{\"@type\":\"ListItem\",\"position\":4,\"name\":\"Prise en main de votre reflex\"}]},{\"@type\":\"WebSite\",\"@id\":\"https:\/\/bruno-ferignac-photographe.fr\/accueil\/#website\",\"url\":\"https:\/\/bruno-ferignac-photographe.fr\/accueil\/\",\"name\":\"L&#039; atelier pho&#039;thau\",\"description\":\"Un photographe pour vous !\",\"potentialAction\":[{\"@type\":\"SearchAction\",\"target\":{\"@type\":\"EntryPoint\",\"urlTemplate\":\"https:\/\/bruno-ferignac-photographe.fr\/accueil\/?s={search_term_string}\"},\"query-input\":{\"@type\":\"PropertyValueSpecification\",\"valueRequired\":true,\"valueName\":\"search_term_string\"}}],\"inLanguage\":\"fr-FR\"}]}<\/script>\n<!-- \/ Yoast SEO plugin. -->","yoast_head_json":{"title":"Prise en main de votre reflex - L&#039; atelier pho&#039;thau","description":"Stage photo pour d\u00e9butant venant d'acqu\u00e9rir leur premier reflex avec sa notice de 300 pages et souhaitant comprendre les diff\u00e9rents r\u00e9glages qu'il propose.","robots":{"index":"index","follow":"follow","max-snippet":"max-snippet:-1","max-image-preview":"max-image-preview:large","max-video-preview":"max-video-preview:-1"},"canonical":"http:\/\/bruno-ferignac-photographe.fr\/accueil\/prestations\/stage\/prise-main-de-reflex\/","twitter_card":"summary_large_image","twitter_title":"Prise en main de votre reflex - L&#039; atelier pho&#039;thau","twitter_description":"Stage photo pour d\u00e9butant venant d'acqu\u00e9rir leur premier reflex avec sa notice de 300 pages et souhaitant comprendre les diff\u00e9rents r\u00e9glages qu'il propose.","twitter_image":"http:\/\/bruno-ferignac-photographe.fr\/accueil\/wp-content\/uploads\/2017\/07\/macareux-moine.jpg","twitter_misc":{"Dur\u00e9e de lecture estim\u00e9e":"1 minute"},"schema":{"@context":"https:\/\/schema.org","@graph":[{"@type":"WebPage","@id":"http:\/\/bruno-ferignac-photographe.fr\/accueil\/prestations\/stage\/prise-main-de-reflex\/","url":"http:\/\/bruno-ferignac-photographe.fr\/accueil\/prestations\/stage\/prise-main-de-reflex\/","name":"Prise en main de votre reflex - L&#039; atelier pho&#039;thau","isPartOf":{"@id":"https:\/\/bruno-ferignac-photographe.fr\/accueil\/#website"},"primaryImageOfPage":{"@id":"http:\/\/bruno-ferignac-photographe.fr\/accueil\/prestations\/stage\/prise-main-de-reflex\/#primaryimage"},"image":{"@id":"http:\/\/bruno-ferignac-photographe.fr\/accueil\/prestations\/stage\/prise-main-de-reflex\/#primaryimage"},"thumbnailUrl":"http:\/\/bruno-ferignac-photographe.fr\/accueil\/wp-content\/uploads\/2017\/07\/macareux-moine.jpg","datePublished":"2017-07-16T13:13:34+00:00","dateModified":"2020-06-30T06:50:29+00:00","description":"Stage photo pour d\u00e9butant venant d'acqu\u00e9rir leur premier reflex avec sa notice de 300 pages et souhaitant comprendre les diff\u00e9rents r\u00e9glages qu'il propose.","breadcrumb":{"@id":"http:\/\/bruno-ferignac-photographe.fr\/accueil\/prestations\/stage\/prise-main-de-reflex\/#breadcrumb"},"inLanguage":"fr-FR","potentialAction":[{"@type":"ReadAction","target":["http:\/\/bruno-ferignac-photographe.fr\/accueil\/prestations\/stage\/prise-main-de-reflex\/"]}]},{"@type":"ImageObject","inLanguage":"fr-FR","@id":"http:\/\/bruno-ferignac-photographe.fr\/accueil\/prestations\/stage\/prise-main-de-reflex\/#primaryimage","url":"http:\/\/bruno-ferignac-photographe.fr\/accueil\/wp-content\/uploads\/2017\/07\/macareux-moine.jpg","contentUrl":"http:\/\/bruno-ferignac-photographe.fr\/accueil\/wp-content\/uploads\/2017\/07\/macareux-moine.jpg","width":1200,"height":797},{"@type":"BreadcrumbList","@id":"http:\/\/bruno-ferignac-photographe.fr\/accueil\/prestations\/stage\/prise-main-de-reflex\/#breadcrumb","itemListElement":[{"@type":"ListItem","position":1,"name":"Accueil","item":"http:\/\/bruno-ferignac-photographe.fr\/accueil\/"},{"@type":"ListItem","position":2,"name":"Prestations","item":"https:\/\/bruno-ferignac-photographe.fr\/accueil\/prestations\/"},{"@type":"ListItem","position":3,"name":"Stage photo","item":"https:\/\/bruno-ferignac-photographe.fr\/accueil\/prestations\/stage\/"},{"@type":"ListItem","position":4,"name":"Prise en main de votre reflex"}]},{"@type":"WebSite","@id":"https:\/\/bruno-ferignac-photographe.fr\/accueil\/#website","url":"https:\/\/bruno-ferignac-photographe.fr\/accueil\/","name":"L&#039; atelier pho&#039;thau","description":"Un photographe pour vous !","potentialAction":[{"@type":"SearchAction","target":{"@type":"EntryPoint","urlTemplate":"https:\/\/bruno-ferignac-photographe.fr\/accueil\/?s={search_term_string}"},"query-input":{"@type":"PropertyValueSpecification","valueRequired":true,"valueName":"search_term_string"}}],"inLanguage":"fr-FR"}]}},"_links":{"self":[{"href":"http:\/\/bruno-ferignac-photographe.fr\/accueil\/wp-json\/wp\/v2\/pages\/3104","targetHints":{"allow":["GET"]}}],"collection":[{"href":"http:\/\/bruno-ferignac-photographe.fr\/accueil\/wp-json\/wp\/v2\/pages"}],"about":[{"href":"http:\/\/bruno-ferignac-photographe.fr\/accueil\/wp-json\/wp\/v2\/types\/page"}],"author":[{"embeddable":true,"href":"http:\/\/bruno-ferignac-photographe.fr\/accueil\/wp-json\/wp\/v2\/users\/1"}],"replies":[{"embeddable":true,"href":"http:\/\/bruno-ferignac-photographe.fr\/accueil\/wp-json\/wp\/v2\/comments?post=3104"}],"version-history":[{"count":65,"href":"http:\/\/bruno-ferignac-photographe.fr\/accueil\/wp-json\/wp\/v2\/pages\/3104\/revisions"}],"predecessor-version":[{"id":8344,"href":"http:\/\/bruno-ferignac-photographe.fr\/accueil\/wp-json\/wp\/v2\/pages\/3104\/revisions\/8344"}],"up":[{"embeddable":true,"href":"http:\/\/bruno-ferignac-photographe.fr\/accueil\/wp-json\/wp\/v2\/pages\/2378"}],"wp:featuredmedia":[{"embeddable":true,"href":"http:\/\/bruno-ferignac-photographe.fr\/accueil\/wp-json\/wp\/v2\/media\/3040"}],"wp:attachment":[{"href":"http:\/\/bruno-ferignac-photographe.fr\/accueil\/wp-json\/wp\/v2\/media?parent=3104"}],"curies":[{"name":"wp","href":"https:\/\/api.w.org\/{rel}","templated":true}]}}