{"id":4514,"date":"2018-05-31T21:53:44","date_gmt":"2018-05-31T19:53:44","guid":{"rendered":"http:\/\/bruno-ferignac-photographe.fr\/accueil\/?page_id=4514"},"modified":"2018-06-08T20:55:59","modified_gmt":"2018-06-08T18:55:59","slug":"la-galerie-des-stagiaires","status":"publish","type":"page","link":"http:\/\/bruno-ferignac-photographe.fr\/accueil\/la-galerie-des-stagiaires\/","title":{"rendered":"La galerie des stagiaires"},"content":{"rendered":"","protected":true},"excerpt":{"rendered":"","protected":true},"author":1,"featured_media":0,"parent":0,"menu_order":0,"comment_status":"closed","ping_status":"closed","template":"","meta":{"footnotes":""},"class_list":["post-4514","page","type-page","status-publish","post-password-required","hentry"],"yoast_head":"<!-- This site is optimized with the Yoast SEO plugin v27.2 - https:\/\/yoast.com\/product\/yoast-seo-wordpress\/ -->\n<title>La galerie des stagiaires - L&#039; atelier pho&#039;thau<\/title>\n<meta name=\"description\" content=\"Quelques photos des stagiaires r\u00e9alis\u00e9es pendant leur stage \u00e0 l&#039;Atelier Pho&#039;Thau ainsi que quelques messages sympa que j&#039;ai re\u00e7u apr\u00e8s les stages.\" \/>\n<meta name=\"robots\" content=\"index, follow, max-snippet:-1, max-image-preview:large, max-video-preview:-1\" \/>\n<link rel=\"canonical\" href=\"http:\/\/bruno-ferignac-photographe.fr\/accueil\/la-galerie-des-stagiaires\/\" \/>\n<meta name=\"twitter:card\" content=\"summary_large_image\" \/>\n<meta name=\"twitter:title\" content=\"La galerie des stagiaires - L&#039; atelier pho&#039;thau\" \/>\n<meta name=\"twitter:description\" content=\"Quelques photos des stagiaires r\u00e9alis\u00e9es pendant leur stage \u00e0 l&#039;Atelier Pho&#039;Thau ainsi que quelques messages sympa que j&#039;ai re\u00e7u apr\u00e8s les stages.\" \/>\n<meta name=\"twitter:label1\" content=\"Dur\u00e9e de lecture estim\u00e9e\" \/>\n\t<meta name=\"twitter:data1\" content=\"1 minute\" \/>\n<script type=\"application\/ld+json\" class=\"yoast-schema-graph\">{\"@context\":\"https:\/\/schema.org\",\"@graph\":[{\"@type\":\"WebPage\",\"@id\":\"http:\/\/bruno-ferignac-photographe.fr\/accueil\/la-galerie-des-stagiaires\/\",\"url\":\"http:\/\/bruno-ferignac-photographe.fr\/accueil\/la-galerie-des-stagiaires\/\",\"name\":\"La galerie des stagiaires - L&#039; atelier pho&#039;thau\",\"isPartOf\":{\"@id\":\"https:\/\/bruno-ferignac-photographe.fr\/accueil\/#website\"},\"datePublished\":\"2018-05-31T19:53:44+00:00\",\"dateModified\":\"2018-06-08T18:55:59+00:00\",\"breadcrumb\":{\"@id\":\"http:\/\/bruno-ferignac-photographe.fr\/accueil\/la-galerie-des-stagiaires\/#breadcrumb\"},\"inLanguage\":\"fr-FR\"},{\"@type\":\"WebSite\",\"@id\":\"https:\/\/bruno-ferignac-photographe.fr\/accueil\/#website\",\"url\":\"https:\/\/bruno-ferignac-photographe.fr\/accueil\/\",\"name\":\"L&#039; atelier pho&#039;thau\",\"description\":\"Un photographe pour vous !\",\"potentialAction\":[{\"@type\":\"SearchAction\",\"target\":{\"@type\":\"EntryPoint\",\"urlTemplate\":\"https:\/\/bruno-ferignac-photographe.fr\/accueil\/?s={search_term_string}\"},\"query-input\":{\"@type\":\"PropertyValueSpecification\",\"valueRequired\":true,\"valueName\":\"search_term_string\"}}],\"inLanguage\":\"fr-FR\"}]}<\/script>\n<!-- \/ Yoast SEO plugin. -->","yoast_head_json":{"title":"La galerie des stagiaires - L&#039; atelier pho&#039;thau","description":"Quelques photos des stagiaires r\u00e9alis\u00e9es pendant leur stage \u00e0 l'Atelier Pho'Thau ainsi que quelques messages sympa que j'ai re\u00e7u apr\u00e8s les stages.","robots":{"index":"index","follow":"follow","max-snippet":"max-snippet:-1","max-image-preview":"max-image-preview:large","max-video-preview":"max-video-preview:-1"},"canonical":"http:\/\/bruno-ferignac-photographe.fr\/accueil\/la-galerie-des-stagiaires\/","twitter_card":"summary_large_image","twitter_title":"La galerie des stagiaires - L&#039; atelier pho&#039;thau","twitter_description":"Quelques photos des stagiaires r\u00e9alis\u00e9es pendant leur stage \u00e0 l'Atelier Pho'Thau ainsi que quelques messages sympa que j'ai re\u00e7u apr\u00e8s les stages.","twitter_misc":{"Dur\u00e9e de lecture estim\u00e9e":"1 minute"},"schema":{"@context":"https:\/\/schema.org","@graph":[{"@type":"WebPage","@id":"http:\/\/bruno-ferignac-photographe.fr\/accueil\/la-galerie-des-stagiaires\/","url":"http:\/\/bruno-ferignac-photographe.fr\/accueil\/la-galerie-des-stagiaires\/","name":"La galerie des stagiaires - L&#039; atelier pho&#039;thau","isPartOf":{"@id":"https:\/\/bruno-ferignac-photographe.fr\/accueil\/#website"},"datePublished":"2018-05-31T19:53:44+00:00","dateModified":"2018-06-08T18:55:59+00:00","breadcrumb":{"@id":"http:\/\/bruno-ferignac-photographe.fr\/accueil\/la-galerie-des-stagiaires\/#breadcrumb"},"inLanguage":"fr-FR"},{"@type":"WebSite","@id":"https:\/\/bruno-ferignac-photographe.fr\/accueil\/#website","url":"https:\/\/bruno-ferignac-photographe.fr\/accueil\/","name":"L&#039; atelier pho&#039;thau","description":"Un photographe pour vous !","potentialAction":[{"@type":"SearchAction","target":{"@type":"EntryPoint","urlTemplate":"https:\/\/bruno-ferignac-photographe.fr\/accueil\/?s={search_term_string}"},"query-input":{"@type":"PropertyValueSpecification","valueRequired":true,"valueName":"search_term_string"}}],"inLanguage":"fr-FR"}]}},"_links":{"self":[{"href":"http:\/\/bruno-ferignac-photographe.fr\/accueil\/wp-json\/wp\/v2\/pages\/4514","targetHints":{"allow":["GET"]}}],"collection":[{"href":"http:\/\/bruno-ferignac-photographe.fr\/accueil\/wp-json\/wp\/v2\/pages"}],"about":[{"href":"http:\/\/bruno-ferignac-photographe.fr\/accueil\/wp-json\/wp\/v2\/types\/page"}],"author":[{"embeddable":true,"href":"http:\/\/bruno-ferignac-photographe.fr\/accueil\/wp-json\/wp\/v2\/users\/1"}],"replies":[{"embeddable":true,"href":"http:\/\/bruno-ferignac-photographe.fr\/accueil\/wp-json\/wp\/v2\/comments?post=4514"}],"version-history":[{"count":35,"href":"http:\/\/bruno-ferignac-photographe.fr\/accueil\/wp-json\/wp\/v2\/pages\/4514\/revisions"}],"predecessor-version":[{"id":4528,"href":"http:\/\/bruno-ferignac-photographe.fr\/accueil\/wp-json\/wp\/v2\/pages\/4514\/revisions\/4528"}],"wp:attachment":[{"href":"http:\/\/bruno-ferignac-photographe.fr\/accueil\/wp-json\/wp\/v2\/media?parent=4514"}],"curies":[{"name":"wp","href":"https:\/\/api.w.org\/{rel}","templated":true}]}}