{"id":6603,"date":"2019-04-16T10:07:54","date_gmt":"2019-04-16T08:07:54","guid":{"rendered":"http:\/\/bruno-ferignac-photographe.fr\/accueil\/?page_id=6603"},"modified":"2020-06-30T09:36:37","modified_gmt":"2020-06-30T07:36:37","slug":"cincle-plongeur","status":"publish","type":"page","link":"http:\/\/bruno-ferignac-photographe.fr\/accueil\/prestations\/stage\/cincle-plongeur\/","title":{"rendered":"Stage photo animali\u00e8re le Cincle plongeur"},"content":{"rendered":"<div id=\"pl-6603\"  class=\"panel-layout\" ><div id=\"pg-6603-0\"  class=\"panel-grid panel-no-style\" ><div id=\"pgc-6603-0-0\"  class=\"panel-grid-cell\" ><div id=\"panel-6603-0-0-0\" class=\"so-panel widget widget_text panel-first-child panel-last-child\" data-index=\"0\" >\t\t\t<div class=\"textwidget\"><p class=\"marge\" style=\"text-align: center;\"><strong>&#8211; Disponible toute l&rsquo;ann\u00e9e &#8211;\u00a0<\/strong><\/p>\n<p class=\"marge\" style=\"text-align: center;\"><strong>&#8211; 1 \u00a0participant &#8211;<\/strong><\/p>\n<\/div>\n\t\t<\/div><\/div><div id=\"pgc-6603-0-1\"  class=\"panel-grid-cell panel-grid-cell-mobile-last\" ><div id=\"panel-6603-0-1-0\" class=\"so-panel widget panel-first-child panel-last-child\" data-index=\"1\" ><\/div><\/div><div id=\"pgc-6603-0-2\"  class=\"panel-grid-cell panel-grid-cell-empty\" ><\/div><\/div><div id=\"pg-6603-1\"  class=\"panel-grid panel-no-style\" ><div id=\"pgc-6603-1-0\"  class=\"panel-grid-cell\" ><div id=\"panel-6603-1-0-0\" class=\"so-panel widget widget_text panel-first-child\" data-index=\"2\" >\t\t\t<div class=\"textwidget\"><h1 class=\"corps\" style=\"text-align: left;\">Pour ce stage d&rsquo;une journ\u00e9e (environ 6h sur place), nous partons \u00e0 la d\u00e9couverte du cingle plongeur \u00a0pr\u00e9sents dans les rivi\u00e8res du nord de l&rsquo;H\u00e9rault. Ce stage vous permettra de d\u00e9couvrir les techniques d&rsquo;aff\u00fbts que j&rsquo;utilise pour r\u00e9ussir mes photos de cet oiseau si particulier. Comme pour tout mes stages, j&rsquo;adapterai la sortie en fonction de vos attentes.<\/h1>\n<p class=\"corps\" style=\"text-align: left; padding-left: 30px;\"><i>&#8211; Pour tous renseignements <\/i><a style=\"font-style: italic;\" href=\" https:\/\/bruno-ferignac-photographe.fr\/accueil\/contact\/\">contactez moi<\/a><\/p>\n<p class=\"bas-de-page\" style=\"text-align: center; padding-right: 90px;\">&#8211; D\u00e9couvrez tous <a href=\"https:\/\/bruno-ferignac-photographe.fr\/accueil\/prestations\/stage\">mes stages &#8211;<\/a><\/p>\n<\/div>\n\t\t<\/div><div id=\"panel-6603-1-0-1\" class=\"so-panel widget widget_text\" data-index=\"3\" >\t\t\t<div class=\"textwidget\"><p><!-- Final Tiles Grid Gallery for WordPress v3.3.0 --><\/p>\n<style>#ftg-4444 .tile .icon { color:#ffffff; }#ftg-4444 .ftg-items .loading-bar i { background:#fff; }#ftg-4444 .ftg-items .loading-bar { background:#fff; }#ftg-4444 .tile .icon { font-size:12px; }#ftg-4444 .tile .icon { margin: -6px 0 0 -6px; }#ftg-4444 .tile .caption-block .text-wrapper span.text { font-size:12px; }#ftg-4444 .tile .caption-block .text-wrapper span.title { font-size:0px; }#ftg-4444 .tile { background-color: transparent; }#ftg-4444 .tile .caption-block .text-wrapper span.text { color: #ffffff; }#ftg-4444 .tile .caption-block .text-wrapper span.title { color: #ffffff; }#ftg-4444 .tile .ftg-social a { color: #ffffff; }#ftg-4444 .tile .caption-block { transition-timing-function:linear; }#ftg-4444 .tile .caption-block { transition-duration:0.25s; }#ftg-4444 .tile .tile-inner:before { background-color: #000000; }#ftg-4444 .tile .tile-inner:before { background-color: rgba(0, 0, 0, 0.8); }#ftg-4444 .tile.ftg-preload { transform: scaleY(1) scaleX(1) translate(0px,0px) rotateX(0deg) rotateY(0deg); }#ftg-4444 .tile.ftg-preload { transition: all ease-out 0.5s, opacity linear 0.5s; }#ftg-4444 .tile img.item { transition-duration: 0.25s; }<\/style>\n<p><a name='44'><\/a><\/p>\n<div class='final-tiles-gallery   caption-none caption-top caption-center' id='ftg-4444' style='width:100%'>\n<div class='ftg-items'>\n<div class='loading-bar'><i><\/i><\/div>\n<div  class='tile ftg-preload  '><a data-title=\"\"  rel=''  class='tile-inner  ftg-lightbox' href='http:\/\/bruno-ferignac-photographe.fr\/accueil\/wp-content\/uploads\/2020\/06\/DSC_6770-1024x680.jpg' ><img alt='' class='item' data-class='item' data-ftg-src='http:\/\/bruno-ferignac-photographe.fr\/accueil\/wp-content\/uploads\/2020\/06\/DSC_6770-600x398.jpg' src='http:\/\/bruno-ferignac-photographe.fr\/accueil\/wp-content\/uploads\/2020\/06\/DSC_6770-600x398.jpg' width='600' height='398' \/><\/a><\/p>\n<div class='ftg-social'><\/div>\n<\/div>\n<div  class='tile ftg-preload  '><a data-title=\"\"  rel=''  class='tile-inner  ftg-lightbox' href='http:\/\/bruno-ferignac-photographe.fr\/accueil\/wp-content\/uploads\/2020\/06\/DSC_6899-1024x680.jpg' ><img alt='' class='item' data-class='item' data-ftg-src='http:\/\/bruno-ferignac-photographe.fr\/accueil\/wp-content\/uploads\/2020\/06\/DSC_6899-600x398.jpg' src='http:\/\/bruno-ferignac-photographe.fr\/accueil\/wp-content\/uploads\/2020\/06\/DSC_6899-600x398.jpg' width='600' height='398' \/><\/a><\/p>\n<div class='ftg-social'><\/div>\n<\/div>\n<div  class='tile ftg-preload  '><a data-title=\"\"  rel=''  class='tile-inner  ftg-lightbox' href='http:\/\/bruno-ferignac-photographe.fr\/accueil\/wp-content\/uploads\/2020\/06\/DSC_6930-1024x680.jpg' ><img alt='' class='item' data-class='item' data-ftg-src='http:\/\/bruno-ferignac-photographe.fr\/accueil\/wp-content\/uploads\/2020\/06\/DSC_6930-600x398.jpg' src='http:\/\/bruno-ferignac-photographe.fr\/accueil\/wp-content\/uploads\/2020\/06\/DSC_6930-600x398.jpg' width='600' height='398' \/><\/a><\/p>\n<div class='ftg-social'><\/div>\n<\/div>\n<div  class='tile ftg-preload  '><a data-title=\"\"  rel=''  class='tile-inner  ftg-lightbox' href='http:\/\/bruno-ferignac-photographe.fr\/accueil\/wp-content\/uploads\/2020\/06\/DSC_7032-1024x680.jpg' ><img alt='' class='item' data-class='item' data-ftg-src='http:\/\/bruno-ferignac-photographe.fr\/accueil\/wp-content\/uploads\/2020\/06\/DSC_7032-600x398.jpg' src='http:\/\/bruno-ferignac-photographe.fr\/accueil\/wp-content\/uploads\/2020\/06\/DSC_7032-600x398.jpg' width='600' height='398' \/><\/a><\/p>\n<div class='ftg-social'><\/div>\n<\/div>\n<div  class='tile ftg-preload  '><a data-title=\"\"  rel=''  class='tile-inner  ftg-lightbox' href='http:\/\/bruno-ferignac-photographe.fr\/accueil\/wp-content\/uploads\/2020\/06\/DSC_7044-1024x680.jpg' ><img alt='' class='item' data-class='item' data-ftg-src='http:\/\/bruno-ferignac-photographe.fr\/accueil\/wp-content\/uploads\/2020\/06\/DSC_7044-600x398.jpg' src='http:\/\/bruno-ferignac-photographe.fr\/accueil\/wp-content\/uploads\/2020\/06\/DSC_7044-600x398.jpg' width='600' height='398' \/><\/a><\/p>\n<div class='ftg-social'><\/div>\n<\/div>\n<div  class='tile ftg-preload  '><a data-title=\"\"  rel=''  class='tile-inner  ftg-lightbox' href='http:\/\/bruno-ferignac-photographe.fr\/accueil\/wp-content\/uploads\/2020\/06\/DSC_7091-1024x576.jpg' ><img alt='' class='item' data-class='item' data-ftg-src='http:\/\/bruno-ferignac-photographe.fr\/accueil\/wp-content\/uploads\/2020\/06\/DSC_7091-600x338.jpg' src='http:\/\/bruno-ferignac-photographe.fr\/accueil\/wp-content\/uploads\/2020\/06\/DSC_7091-600x338.jpg' width='600' height='338' \/><\/a><\/p>\n<div class='ftg-social'><\/div>\n<\/div>\n<div  class='tile ftg-preload  '><a data-title=\"\"  rel=''  class='tile-inner  ftg-lightbox' href='http:\/\/bruno-ferignac-photographe.fr\/accueil\/wp-content\/uploads\/2020\/06\/DSC_7372-1024x576.jpg' ><img alt='' class='item' data-class='item' data-ftg-src='http:\/\/bruno-ferignac-photographe.fr\/accueil\/wp-content\/uploads\/2020\/06\/DSC_7372-600x338.jpg' src='http:\/\/bruno-ferignac-photographe.fr\/accueil\/wp-content\/uploads\/2020\/06\/DSC_7372-600x338.jpg' width='600' height='338' \/><\/a><\/p>\n<div class='ftg-social'><\/div>\n<\/div>\n<\/div>\n<\/div>\n<p><script type='text\/javascript'>jQuery('#ftg-4444 img.item').removeAttr('src');jQuery(document).ready(function () {setTimeout(function () {jQuery('#ftg-4444').finalTilesGallery({minTileWidth: 250,margin: 10,loadMethod: 'sequential',nonce: '6bc9206cd3',galleryId: '44',layout: 'columns',debug: false,gridSize: 0,disableGridSizeBelow: 800,allowEnlargement: true,columns: [[4000, 3],[1024, 2],[800, 1],[480, 1],[320, 1]],scrollEffect: '',selectedFilter: 'n-a'});jQuery(function () {(function () {var rel = '';jQuery('#ftg-4444 .ftg-lightbox').click(function (e) {rel = jQuery(this).attr('rel');jQuery('#ftg-4444 .ftg-current').removeClass('ftg-current');jQuery('#ftg-4444 [rel=\"'+rel+'\"]').addClass('ftg-current');});})();jQuery('#ftg-4444').magnificPopup({type:'image', zoom: {enabled: true, duration: 300, easing: 'ease-in-out' },image: { titleSrc: 'data-title' }, gallery: { enabled: true }, delegate: '.tile:not(.ftg-hidden) .ftg-lightbox.ftg-current'});jQuery('#ftg-4444 .ftg-lightbox-iframe').magnificPopup({type:'iframe' });});}, 0);});<\/script><\/p>\n<\/div>\n\t\t<\/div><div id=\"panel-6603-1-0-2\" class=\"so-panel widget widget_text\" data-index=\"4\" >\t\t\t<div class=\"textwidget\"><p class=\"bas-de-page\" style=\"text-align: center; padding-right: 90px;\">&#8211; D\u00e9couvrez tous <a href=\"https:\/\/bruno-ferignac-photographe.fr\/accueil\/prestations\/stage\">mes stages<\/a>\u00a0 &#8211; Visitez <a href=\"https:\/\/bruno-ferignac-photographe.fr\/accueil\/portfolio\">mon portfolio<\/a> &#8211; <a href=\"https:\/\/bruno-ferignac-photographe.fr\/accueil\/contact\/\">Contactez moi<\/a> &#8211;<\/p>\n<\/div>\n\t\t<\/div><div id=\"panel-6603-1-0-3\" class=\"so-panel widget widget_black-studio-tinymce widget_black_studio_tinymce panel-last-child\" data-index=\"5\" ><div class=\"textwidget\"><p>\n<div class=\"juiz_sps_links  counters_both juiz_sps_displayed_nowhere\" data-post-id=\"6603\">\n<p class=\"screen-reader-text juiz_sps_maybe_hidden_text\">Partager la publication \"Stage photo animali\u00e8re le Cincle plongeur\"<\/p>\n\n\t<ul class=\"juiz_sps_links_list juiz_sps_hide_name\" onclick=\"void(0);\"><li class=\"juiz_sps_item juiz_sps_link_facebook\"><a href=\"https:\/\/www.facebook.com\/sharer.php?u=http%3A%2F%2Fbruno-ferignac-photographe.fr%2Faccueil%2Fwp-json%2Fwp%2Fv2%2Fpages%2F6603\" rel=\"nofollow\"   title=\"Partager cet article sur Facebook\" class=\"juiz_sps_button\" data-nobs-key=\"facebook\"><span class=\"juiz_sps_icon jsps-facebook\"><\/span><span class=\"juiz_sps_network_name\">Facebook<\/span><\/a><\/li><li class=\"juiz_sps_item juiz_sps_link_twitter\"><a href=\"https:\/\/x.com\/intent\/tweet?source=webclient&#038;original_referer=http%3A%2F%2Fbruno-ferignac-photographe.fr%2Faccueil%2Fwp-json%2Fwp%2Fv2%2Fpages%2F6603&#038;text=Stage%20photo%20animali%C3%A8re%20le%20Cincle%20plongeur&#038;url=http%3A%2F%2Fbruno-ferignac-photographe.fr%2Faccueil%2Fwp-json%2Fwp%2Fv2%2Fpages%2F6603\" rel=\"nofollow\"   title=\"Partager cet article sur X\" class=\"juiz_sps_button\" data-nobs-key=\"twitter\"><span class=\"juiz_sps_icon jsps-twitter\"><\/span><span class=\"juiz_sps_network_name\">X<\/span><\/a><\/li><li class=\"juiz_sps_item juiz_sps_link_pinterest\"><a href=\"https:\/\/pinterest.com\/pin\/create\/bookmarklet\/?url=http%3A%2F%2Fbruno-ferignac-photographe.fr%2Faccueil%2Fwp-json%2Fwp%2Fv2%2Fpages%2F6603&#038;media=http:\/\/bruno-ferignac-photographe.fr\/accueil\/wp-content\/uploads\/2020\/06\/Stage-Cincle-copie-scaled.jpg\" rel=\"nofollow\"   title=\"Partager une image de cette publication sur Pinterest\" class=\"juiz_sps_button\" data-nobs-key=\"pinterest\"><span class=\"juiz_sps_icon jsps-pinterest\"><\/span><span class=\"juiz_sps_network_name\">Pinterest<\/span><\/a><\/li><li class=\"juiz_sps_item juiz_sps_link_linkedin\"><a href=\"https:\/\/www.linkedin.com\/sharing\/share-offsite\/?url=http%3A%2F%2Fbruno-ferignac-photographe.fr%2Faccueil%2Fwp-json%2Fwp%2Fv2%2Fpages%2F6603\" rel=\"nofollow\"   title=\"Partager cet article sur LinkedIn\" class=\"juiz_sps_button\" data-nobs-key=\"linkedin\"><span class=\"juiz_sps_icon jsps-linkedin\"><\/span><span class=\"juiz_sps_network_name\">LinkedIn<\/span><\/a><\/li><li class=\"juiz_sps_item juiz_sps_link_mail\"><a href=\"mailto:?subject=Un%20photographe&#038;body=J&#039;ai%20trouv\u00e9%20un%20photographe.%20Je%20pense%20que%20son%20travail%20peut%20t&#039;int\u00e9resser.%20Bonne%20journ\u00e9e%20:)%20http:\/\/bruno-ferignac-photographe.fr\/accueil\/prestations\/stage\/cincle-plongeur\/\" rel=\"nofollow\"   title=\"Partager cette publication avec un ami (e-mail)\" class=\"juiz_sps_button\" data-nobs-key=\"mail\"><span class=\"juiz_sps_icon jsps-mail\"><\/span><span class=\"juiz_sps_network_name\">E-mail<\/span><\/a><\/li><\/ul>\n\t<\/div>\n\n<\/p>\n<\/div><\/div><\/div><\/div><\/div>","protected":false},"excerpt":{"rendered":"<p>&#8211; Disponible toute l&rsquo;ann\u00e9e &#8211;\u00a0 &#8211; 1 \u00a0participant &#8211; Pour ce stage d&rsquo;une journ\u00e9e (environ 6h&hellip;<\/p>\n","protected":false},"author":1,"featured_media":8341,"parent":2378,"menu_order":0,"comment_status":"closed","ping_status":"closed","template":"","meta":{"footnotes":""},"class_list":["post-6603","page","type-page","status-publish","has-post-thumbnail","hentry"],"yoast_head":"<!-- This site is optimized with the Yoast SEO plugin v27.2 - https:\/\/yoast.com\/product\/yoast-seo-wordpress\/ -->\n<title>Stage photo animali\u00e8re le Cincle plongeur - L&#039; atelier pho&#039;thau<\/title>\n<meta name=\"description\" content=\"&#8211; Disponible toute l&rsquo;ann\u00e9e &#8211;\u00a0 &#8211; 1 \u00a0participant &#8211; Pour ce stage d&rsquo;une journ\u00e9e (environ 6h sur place), nous partons \u00e0 la\" \/>\n<meta name=\"robots\" content=\"index, follow, max-snippet:-1, max-image-preview:large, max-video-preview:-1\" \/>\n<link rel=\"canonical\" href=\"http:\/\/bruno-ferignac-photographe.fr\/accueil\/prestations\/stage\/cincle-plongeur\/\" \/>\n<meta name=\"twitter:card\" content=\"summary_large_image\" \/>\n<meta name=\"twitter:title\" content=\"Stage photo animali\u00e8re le Cincle plongeur - L&#039; atelier pho&#039;thau\" \/>\n<meta name=\"twitter:description\" content=\"&#8211; Disponible toute l&rsquo;ann\u00e9e &#8211;\u00a0 &#8211; 1 \u00a0participant &#8211; Pour ce stage d&rsquo;une journ\u00e9e (environ 6h sur place), nous partons \u00e0 la\" \/>\n<meta name=\"twitter:image\" content=\"http:\/\/bruno-ferignac-photographe.fr\/accueil\/wp-content\/uploads\/2020\/06\/Stage-Cincle-copie-scaled.jpg\" \/>\n<meta name=\"twitter:label1\" content=\"Dur\u00e9e de lecture estim\u00e9e\" \/>\n\t<meta name=\"twitter:data1\" content=\"1 minute\" \/>\n<script type=\"application\/ld+json\" class=\"yoast-schema-graph\">{\"@context\":\"https:\/\/schema.org\",\"@graph\":[{\"@type\":\"WebPage\",\"@id\":\"http:\/\/bruno-ferignac-photographe.fr\/accueil\/prestations\/stage\/cincle-plongeur\/\",\"url\":\"http:\/\/bruno-ferignac-photographe.fr\/accueil\/prestations\/stage\/cincle-plongeur\/\",\"name\":\"Stage photo animali\u00e8re le Cincle plongeur - L&#039; atelier pho&#039;thau\",\"isPartOf\":{\"@id\":\"https:\/\/bruno-ferignac-photographe.fr\/accueil\/#website\"},\"primaryImageOfPage\":{\"@id\":\"http:\/\/bruno-ferignac-photographe.fr\/accueil\/prestations\/stage\/cincle-plongeur\/#primaryimage\"},\"image\":{\"@id\":\"http:\/\/bruno-ferignac-photographe.fr\/accueil\/prestations\/stage\/cincle-plongeur\/#primaryimage\"},\"thumbnailUrl\":\"http:\/\/bruno-ferignac-photographe.fr\/accueil\/wp-content\/uploads\/2020\/06\/Stage-Cincle-copie-scaled.jpg\",\"datePublished\":\"2019-04-16T08:07:54+00:00\",\"dateModified\":\"2020-06-30T07:36:37+00:00\",\"description\":\"&#8211; Disponible toute l&rsquo;ann\u00e9e &#8211;\u00a0 &#8211; 1 \u00a0participant &#8211; Pour ce stage d&rsquo;une journ\u00e9e (environ 6h sur place), nous partons \u00e0 la\",\"breadcrumb\":{\"@id\":\"http:\/\/bruno-ferignac-photographe.fr\/accueil\/prestations\/stage\/cincle-plongeur\/#breadcrumb\"},\"inLanguage\":\"fr-FR\",\"potentialAction\":[{\"@type\":\"ReadAction\",\"target\":[\"http:\/\/bruno-ferignac-photographe.fr\/accueil\/prestations\/stage\/cincle-plongeur\/\"]}]},{\"@type\":\"ImageObject\",\"inLanguage\":\"fr-FR\",\"@id\":\"http:\/\/bruno-ferignac-photographe.fr\/accueil\/prestations\/stage\/cincle-plongeur\/#primaryimage\",\"url\":\"http:\/\/bruno-ferignac-photographe.fr\/accueil\/wp-content\/uploads\/2020\/06\/Stage-Cincle-copie-scaled.jpg\",\"contentUrl\":\"http:\/\/bruno-ferignac-photographe.fr\/accueil\/wp-content\/uploads\/2020\/06\/Stage-Cincle-copie-scaled.jpg\",\"width\":2560,\"height\":1440},{\"@type\":\"BreadcrumbList\",\"@id\":\"http:\/\/bruno-ferignac-photographe.fr\/accueil\/prestations\/stage\/cincle-plongeur\/#breadcrumb\",\"itemListElement\":[{\"@type\":\"ListItem\",\"position\":1,\"name\":\"Accueil\",\"item\":\"http:\/\/bruno-ferignac-photographe.fr\/accueil\/\"},{\"@type\":\"ListItem\",\"position\":2,\"name\":\"Prestations\",\"item\":\"https:\/\/bruno-ferignac-photographe.fr\/accueil\/prestations\/\"},{\"@type\":\"ListItem\",\"position\":3,\"name\":\"Stage photo\",\"item\":\"https:\/\/bruno-ferignac-photographe.fr\/accueil\/prestations\/stage\/\"},{\"@type\":\"ListItem\",\"position\":4,\"name\":\"Stage photo animali\u00e8re le Cincle plongeur\"}]},{\"@type\":\"WebSite\",\"@id\":\"https:\/\/bruno-ferignac-photographe.fr\/accueil\/#website\",\"url\":\"https:\/\/bruno-ferignac-photographe.fr\/accueil\/\",\"name\":\"L&#039; atelier pho&#039;thau\",\"description\":\"Un photographe pour vous !\",\"potentialAction\":[{\"@type\":\"SearchAction\",\"target\":{\"@type\":\"EntryPoint\",\"urlTemplate\":\"https:\/\/bruno-ferignac-photographe.fr\/accueil\/?s={search_term_string}\"},\"query-input\":{\"@type\":\"PropertyValueSpecification\",\"valueRequired\":true,\"valueName\":\"search_term_string\"}}],\"inLanguage\":\"fr-FR\"}]}<\/script>\n<!-- \/ Yoast SEO plugin. -->","yoast_head_json":{"title":"Stage photo animali\u00e8re le Cincle plongeur - L&#039; atelier pho&#039;thau","description":"&#8211; Disponible toute l&rsquo;ann\u00e9e &#8211;\u00a0 &#8211; 1 \u00a0participant &#8211; Pour ce stage d&rsquo;une journ\u00e9e (environ 6h sur place), nous partons \u00e0 la","robots":{"index":"index","follow":"follow","max-snippet":"max-snippet:-1","max-image-preview":"max-image-preview:large","max-video-preview":"max-video-preview:-1"},"canonical":"http:\/\/bruno-ferignac-photographe.fr\/accueil\/prestations\/stage\/cincle-plongeur\/","twitter_card":"summary_large_image","twitter_title":"Stage photo animali\u00e8re le Cincle plongeur - L&#039; atelier pho&#039;thau","twitter_description":"&#8211; Disponible toute l&rsquo;ann\u00e9e &#8211;\u00a0 &#8211; 1 \u00a0participant &#8211; Pour ce stage d&rsquo;une journ\u00e9e (environ 6h sur place), nous partons \u00e0 la","twitter_image":"http:\/\/bruno-ferignac-photographe.fr\/accueil\/wp-content\/uploads\/2020\/06\/Stage-Cincle-copie-scaled.jpg","twitter_misc":{"Dur\u00e9e de lecture estim\u00e9e":"1 minute"},"schema":{"@context":"https:\/\/schema.org","@graph":[{"@type":"WebPage","@id":"http:\/\/bruno-ferignac-photographe.fr\/accueil\/prestations\/stage\/cincle-plongeur\/","url":"http:\/\/bruno-ferignac-photographe.fr\/accueil\/prestations\/stage\/cincle-plongeur\/","name":"Stage photo animali\u00e8re le Cincle plongeur - L&#039; atelier pho&#039;thau","isPartOf":{"@id":"https:\/\/bruno-ferignac-photographe.fr\/accueil\/#website"},"primaryImageOfPage":{"@id":"http:\/\/bruno-ferignac-photographe.fr\/accueil\/prestations\/stage\/cincle-plongeur\/#primaryimage"},"image":{"@id":"http:\/\/bruno-ferignac-photographe.fr\/accueil\/prestations\/stage\/cincle-plongeur\/#primaryimage"},"thumbnailUrl":"http:\/\/bruno-ferignac-photographe.fr\/accueil\/wp-content\/uploads\/2020\/06\/Stage-Cincle-copie-scaled.jpg","datePublished":"2019-04-16T08:07:54+00:00","dateModified":"2020-06-30T07:36:37+00:00","description":"&#8211; Disponible toute l&rsquo;ann\u00e9e &#8211;\u00a0 &#8211; 1 \u00a0participant &#8211; Pour ce stage d&rsquo;une journ\u00e9e (environ 6h sur place), nous partons \u00e0 la","breadcrumb":{"@id":"http:\/\/bruno-ferignac-photographe.fr\/accueil\/prestations\/stage\/cincle-plongeur\/#breadcrumb"},"inLanguage":"fr-FR","potentialAction":[{"@type":"ReadAction","target":["http:\/\/bruno-ferignac-photographe.fr\/accueil\/prestations\/stage\/cincle-plongeur\/"]}]},{"@type":"ImageObject","inLanguage":"fr-FR","@id":"http:\/\/bruno-ferignac-photographe.fr\/accueil\/prestations\/stage\/cincle-plongeur\/#primaryimage","url":"http:\/\/bruno-ferignac-photographe.fr\/accueil\/wp-content\/uploads\/2020\/06\/Stage-Cincle-copie-scaled.jpg","contentUrl":"http:\/\/bruno-ferignac-photographe.fr\/accueil\/wp-content\/uploads\/2020\/06\/Stage-Cincle-copie-scaled.jpg","width":2560,"height":1440},{"@type":"BreadcrumbList","@id":"http:\/\/bruno-ferignac-photographe.fr\/accueil\/prestations\/stage\/cincle-plongeur\/#breadcrumb","itemListElement":[{"@type":"ListItem","position":1,"name":"Accueil","item":"http:\/\/bruno-ferignac-photographe.fr\/accueil\/"},{"@type":"ListItem","position":2,"name":"Prestations","item":"https:\/\/bruno-ferignac-photographe.fr\/accueil\/prestations\/"},{"@type":"ListItem","position":3,"name":"Stage photo","item":"https:\/\/bruno-ferignac-photographe.fr\/accueil\/prestations\/stage\/"},{"@type":"ListItem","position":4,"name":"Stage photo animali\u00e8re le Cincle plongeur"}]},{"@type":"WebSite","@id":"https:\/\/bruno-ferignac-photographe.fr\/accueil\/#website","url":"https:\/\/bruno-ferignac-photographe.fr\/accueil\/","name":"L&#039; atelier pho&#039;thau","description":"Un photographe pour vous !","potentialAction":[{"@type":"SearchAction","target":{"@type":"EntryPoint","urlTemplate":"https:\/\/bruno-ferignac-photographe.fr\/accueil\/?s={search_term_string}"},"query-input":{"@type":"PropertyValueSpecification","valueRequired":true,"valueName":"search_term_string"}}],"inLanguage":"fr-FR"}]}},"_links":{"self":[{"href":"http:\/\/bruno-ferignac-photographe.fr\/accueil\/wp-json\/wp\/v2\/pages\/6603","targetHints":{"allow":["GET"]}}],"collection":[{"href":"http:\/\/bruno-ferignac-photographe.fr\/accueil\/wp-json\/wp\/v2\/pages"}],"about":[{"href":"http:\/\/bruno-ferignac-photographe.fr\/accueil\/wp-json\/wp\/v2\/types\/page"}],"author":[{"embeddable":true,"href":"http:\/\/bruno-ferignac-photographe.fr\/accueil\/wp-json\/wp\/v2\/users\/1"}],"replies":[{"embeddable":true,"href":"http:\/\/bruno-ferignac-photographe.fr\/accueil\/wp-json\/wp\/v2\/comments?post=6603"}],"version-history":[{"count":16,"href":"http:\/\/bruno-ferignac-photographe.fr\/accueil\/wp-json\/wp\/v2\/pages\/6603\/revisions"}],"predecessor-version":[{"id":8417,"href":"http:\/\/bruno-ferignac-photographe.fr\/accueil\/wp-json\/wp\/v2\/pages\/6603\/revisions\/8417"}],"up":[{"embeddable":true,"href":"http:\/\/bruno-ferignac-photographe.fr\/accueil\/wp-json\/wp\/v2\/pages\/2378"}],"wp:featuredmedia":[{"embeddable":true,"href":"http:\/\/bruno-ferignac-photographe.fr\/accueil\/wp-json\/wp\/v2\/media\/8341"}],"wp:attachment":[{"href":"http:\/\/bruno-ferignac-photographe.fr\/accueil\/wp-json\/wp\/v2\/media?parent=6603"}],"curies":[{"name":"wp","href":"https:\/\/api.w.org\/{rel}","templated":true}]}}