{"id":1529,"date":"2016-01-06T11:42:42","date_gmt":"2016-01-06T10:42:42","guid":{"rendered":"http:\/\/bruno-ferignac-photographe.fr\/accueil\/?page_id=1529"},"modified":"2020-06-30T11:57:11","modified_gmt":"2020-06-30T09:57:11","slug":"articles","status":"publish","type":"page","link":"https:\/\/bruno-ferignac-photographe.fr\/accueil\/articles\/","title":{"rendered":"Blog"},"content":{"rendered":"<div id=\"pl-1529\"  class=\"panel-layout\" ><div id=\"pg-1529-0\"  class=\"panel-grid panel-no-style\" ><div id=\"pgc-1529-0-0\"  class=\"panel-grid-cell\" ><div id=\"panel-1529-0-0-0\" class=\"so-panel widget widget_black-studio-tinymce widget_black_studio_tinymce panel-first-child panel-last-child\" data-index=\"0\" ><div class=\"textwidget\"><h2 style=\"text-align: center;\"><span class=\"accueil-titre\">Bienvenue dans mon blog !<\/span><\/h2><p style=\"text-align: center;\"><span class=\"entete\">Sur cette page vous trouverez des articles issus de mes prestations pour les particuliers, quelques reportages et des pr\u00e9sentations de mes travaux personnels. \u00a0<\/span><\/p><p style=\"text-align: center;\"><span class=\"entete\">Bonne visite.<\/span><\/p><\/div><\/div><\/div><\/div><div id=\"pg-1529-1\"  class=\"panel-grid panel-no-style\" ><div id=\"pgc-1529-1-0\"  class=\"panel-grid-cell\" ><div id=\"panel-1529-1-0-0\" class=\"so-panel widget widget_sow-post-carousel panel-first-child\" data-index=\"1\" ><div class=\"panel-widget-style panel-widget-style-for-1529-1-0-0\" ><div\n\t\t\t\n\t\t\tclass=\"so-widget-sow-post-carousel so-widget-sow-post-carousel-base-731145659722-1529\"\n\t\t\t\n\t\t>\t<div\n\t\tclass=\"sow-post-carousel-wrapper sow-post-carousel-theme-base\"\n\t\tstyle=\"overflow: hidden; max-width: 100%; min-height: 200px\"\n\t>\n\t\t<div class=\"sow-carousel-title\">\n\t\t\t<div class=\"sow-carousel-navigation \">\n\t\t\t\t\t\t<a href=\"#\" class=\"sow-carousel-next\" title=\"Suivant\" aria-label=\"Next Posts\" role=\"button\"><\/a>\n\t\t\t\t\t\t<a href=\"#\" class=\"sow-carousel-previous\" title=\"Pr\u00e9c\u00e9dent\" aria-label=\"Previous Posts\" role=\"button\"><\/a>\n\t\t\t\t\t<\/div>\n\t<\/div>\n\n<div class=\"sow-carousel-container \">\n\t\t<div class=\"sow-carousel-wrapper\"\n\t\tdata-dir=\"ltr\"\n\t\tstyle=\"opacity: 0;\"\n\t\tdata-widget=\"post\" data-fetching=\"false\" data-page=\"1\" data-ajax-url=\"https:\/\/bruno-ferignac-photographe.fr\/accueil\/wp-admin\/admin-ajax.php?_widgets_nonce=e0a1715301\" data-item_count=\"9\" data-carousel_settings=\"{&quot;loop&quot;:true,&quot;animation&quot;:&quot;Ease&quot;,&quot;animation_speed&quot;:400,&quot;autoplay&quot;:&quot;&quot;,&quot;pauseOnHover&quot;:&quot;&quot;,&quot;autoplaySpeed&quot;:8000,&quot;item_overflow&quot;:true,&quot;autoplay_continuous_scroll&quot;:false}\" data-responsive=\"{&quot;desktop_slides_to_scroll&quot;:1,&quot;tablet_landscape_breakpoint&quot;:1366,&quot;tablet_landscape_slides_to_scroll&quot;:2,&quot;tablet_portrait_breakpoint&quot;:1025,&quot;tablet_portrait_slides_to_scroll&quot;:2,&quot;mobile_breakpoint&quot;:480,&quot;mobile_slides_to_scroll&quot;:1}\" data-variable_width=\"true\" \t>\n\t\t<div\n\t\t\tclass=\"sow-carousel-items\"\n\t\t\t\t\t>\n\t\t\t\t<div class=\"sow-carousel-item\" tabindex=\"-1\" style=\"float: left;\">\n\t\t<div class=\"sow-carousel-thumbnail\">\n\t\t\t\t\t\t\t<a\n\t\t\t\t\thref=\"https:\/\/bruno-ferignac-photographe.fr\/accueil\/venise\/\"\n\t\t\t\t\t\t\t\t\t\tstyle=\"background-image: url( https:\/\/bruno-ferignac-photographe.fr\/accueil\/wp-content\/uploads\/2017\/06\/bandeau-200x200.jpg )\"\n\t\t\t\t\taria-labelledby=\"sow-carousel-id-2950\"\n\t\t\t\t\ttabindex=\"-1\"\n\t\t\t\t>\n\t\t\t\t\t<span class=\"overlay\"><\/span>\n\t\t\t\t<\/a>\n\t\t\t\t\t<\/div>\n\t\t<h3 class=\"sow-carousel-item-title\">\n\t\t\t<a\n\t\t\t\thref=\"https:\/\/bruno-ferignac-photographe.fr\/accueil\/venise\/\"\n\t\t\t\tid=\"sow-carousel-id-2950\"\n\t\t\t\t\t\t\t\ttabindex=\"-1\"\n\t\t\t>\n\n\t\t\t\tVenise\t\t\t<\/a>\n\t\t<\/h3>\n\t<\/div>\n\t\t<div class=\"sow-carousel-item\" tabindex=\"-1\" style=\"float: left;\">\n\t\t<div class=\"sow-carousel-thumbnail\">\n\t\t\t\t\t\t\t<a\n\t\t\t\t\thref=\"https:\/\/bruno-ferignac-photographe.fr\/accueil\/2569-2\/\"\n\t\t\t\t\t\t\t\t\t\tstyle=\"background-image: url( https:\/\/bruno-ferignac-photographe.fr\/accueil\/wp-content\/uploads\/2017\/01\/l\u00e9gume-3-e1485183638786-200x200.jpg )\"\n\t\t\t\t\taria-labelledby=\"sow-carousel-id-2569\"\n\t\t\t\t\ttabindex=\"-1\"\n\t\t\t\t>\n\t\t\t\t\t<span class=\"overlay\"><\/span>\n\t\t\t\t<\/a>\n\t\t\t\t\t<\/div>\n\t\t<h3 class=\"sow-carousel-item-title\">\n\t\t\t<a\n\t\t\t\thref=\"https:\/\/bruno-ferignac-photographe.fr\/accueil\/2569-2\/\"\n\t\t\t\tid=\"sow-carousel-id-2569\"\n\t\t\t\t\t\t\t\ttabindex=\"-1\"\n\t\t\t>\n\n\t\t\t\tMise en sc\u00e8ne et packshot\t\t\t<\/a>\n\t\t<\/h3>\n\t<\/div>\n\t\t<div class=\"sow-carousel-item\" tabindex=\"-1\" style=\"float: left;\">\n\t\t<div class=\"sow-carousel-thumbnail\">\n\t\t\t\t\t\t\t<a\n\t\t\t\t\thref=\"https:\/\/bruno-ferignac-photographe.fr\/accueil\/couple\/\"\n\t\t\t\t\t\t\t\t\t\tstyle=\"background-image: url( https:\/\/bruno-ferignac-photographe.fr\/accueil\/wp-content\/uploads\/2016\/07\/DSC5817-200x200.jpg )\"\n\t\t\t\t\taria-labelledby=\"sow-carousel-id-2013\"\n\t\t\t\t\ttabindex=\"-1\"\n\t\t\t\t>\n\t\t\t\t\t<span class=\"overlay\"><\/span>\n\t\t\t\t<\/a>\n\t\t\t\t\t<\/div>\n\t\t<h3 class=\"sow-carousel-item-title\">\n\t\t\t<a\n\t\t\t\thref=\"https:\/\/bruno-ferignac-photographe.fr\/accueil\/couple\/\"\n\t\t\t\tid=\"sow-carousel-id-2013\"\n\t\t\t\t\t\t\t\ttabindex=\"-1\"\n\t\t\t>\n\n\t\t\t\tS\u00e9ance Couple \u00ab\u00a0Engagement\u00a0\u00bb\t\t\t<\/a>\n\t\t<\/h3>\n\t<\/div>\n\t\t<div class=\"sow-carousel-item\" tabindex=\"-1\" style=\"float: left;\">\n\t\t<div class=\"sow-carousel-thumbnail\">\n\t\t\t\t\t\t\t<a\n\t\t\t\t\thref=\"https:\/\/bruno-ferignac-photographe.fr\/accueil\/seance-studio\/\"\n\t\t\t\t\t\t\t\t\t\tstyle=\"background-image: url( https:\/\/bruno-ferignac-photographe.fr\/accueil\/wp-content\/uploads\/2016\/04\/DSC2196-Modifier-Modifier-2-2-200x200.jpg )\"\n\t\t\t\t\taria-labelledby=\"sow-carousel-id-1815\"\n\t\t\t\t\ttabindex=\"-1\"\n\t\t\t\t>\n\t\t\t\t\t<span class=\"overlay\"><\/span>\n\t\t\t\t<\/a>\n\t\t\t\t\t<\/div>\n\t\t<h3 class=\"sow-carousel-item-title\">\n\t\t\t<a\n\t\t\t\thref=\"https:\/\/bruno-ferignac-photographe.fr\/accueil\/seance-studio\/\"\n\t\t\t\tid=\"sow-carousel-id-1815\"\n\t\t\t\t\t\t\t\ttabindex=\"-1\"\n\t\t\t>\n\n\t\t\t\tDes accessoires pour le studio photo\t\t\t<\/a>\n\t\t<\/h3>\n\t<\/div>\n\t\t<div class=\"sow-carousel-item\" tabindex=\"-1\" style=\"float: left;\">\n\t\t<div class=\"sow-carousel-thumbnail\">\n\t\t\t\t\t\t\t<a\n\t\t\t\t\thref=\"https:\/\/bruno-ferignac-photographe.fr\/accueil\/nourrisson\/\"\n\t\t\t\t\t\t\t\t\t\tstyle=\"background-image: url( https:\/\/bruno-ferignac-photographe.fr\/accueil\/wp-content\/uploads\/2016\/02\/Eliott-vignette-1-2-200x200.jpg )\"\n\t\t\t\t\taria-labelledby=\"sow-carousel-id-1705\"\n\t\t\t\t\ttabindex=\"-1\"\n\t\t\t\t>\n\t\t\t\t\t<span class=\"overlay\"><\/span>\n\t\t\t\t<\/a>\n\t\t\t\t\t<\/div>\n\t\t<h3 class=\"sow-carousel-item-title\">\n\t\t\t<a\n\t\t\t\thref=\"https:\/\/bruno-ferignac-photographe.fr\/accueil\/nourrisson\/\"\n\t\t\t\tid=\"sow-carousel-id-1705\"\n\t\t\t\t\t\t\t\ttabindex=\"-1\"\n\t\t\t>\n\n\t\t\t\tNourrisson\t\t\t<\/a>\n\t\t<\/h3>\n\t<\/div>\n\t\t<div class=\"sow-carousel-item\" tabindex=\"-1\" style=\"float: left;\">\n\t\t<div class=\"sow-carousel-thumbnail\">\n\t\t\t\t\t\t\t<a\n\t\t\t\t\thref=\"https:\/\/bruno-ferignac-photographe.fr\/accueil\/nouveau-ne\/\"\n\t\t\t\t\t\t\t\t\t\tstyle=\"background-image: url( https:\/\/bruno-ferignac-photographe.fr\/accueil\/wp-content\/uploads\/2015\/12\/DSC7982-Modifier-e1451685939811-200x200.jpg )\"\n\t\t\t\t\taria-labelledby=\"sow-carousel-id-1447\"\n\t\t\t\t\ttabindex=\"-1\"\n\t\t\t\t>\n\t\t\t\t\t<span class=\"overlay\"><\/span>\n\t\t\t\t<\/a>\n\t\t\t\t\t<\/div>\n\t\t<h3 class=\"sow-carousel-item-title\">\n\t\t\t<a\n\t\t\t\thref=\"https:\/\/bruno-ferignac-photographe.fr\/accueil\/nouveau-ne\/\"\n\t\t\t\tid=\"sow-carousel-id-1447\"\n\t\t\t\t\t\t\t\ttabindex=\"-1\"\n\t\t\t>\n\n\t\t\t\tNouveau-n\u00e9 en Noir et blanc\t\t\t<\/a>\n\t\t<\/h3>\n\t<\/div>\n\t\t<div class=\"sow-carousel-item\" tabindex=\"-1\" style=\"float: left;\">\n\t\t<div class=\"sow-carousel-thumbnail\">\n\t\t\t\t\t\t\t<a\n\t\t\t\t\thref=\"https:\/\/bruno-ferignac-photographe.fr\/accueil\/cratylik-gene-ohm\/\"\n\t\t\t\t\t\t\t\t\t\tstyle=\"background-image: url( https:\/\/bruno-ferignac-photographe.fr\/accueil\/wp-content\/uploads\/2015\/12\/DSC8262-e1451149364322-200x200.jpg )\"\n\t\t\t\t\taria-labelledby=\"sow-carousel-id-1354\"\n\t\t\t\t\ttabindex=\"-1\"\n\t\t\t\t>\n\t\t\t\t\t<span class=\"overlay\"><\/span>\n\t\t\t\t<\/a>\n\t\t\t\t\t<\/div>\n\t\t<h3 class=\"sow-carousel-item-title\">\n\t\t\t<a\n\t\t\t\thref=\"https:\/\/bruno-ferignac-photographe.fr\/accueil\/cratylik-gene-ohm\/\"\n\t\t\t\tid=\"sow-carousel-id-1354\"\n\t\t\t\t\t\t\t\ttabindex=\"-1\"\n\t\t\t>\n\n\t\t\t\tCratylik gene ohm au Labo\t\t\t<\/a>\n\t\t<\/h3>\n\t<\/div>\n\t\t<div class=\"sow-carousel-item\" tabindex=\"-1\" style=\"float: left;\">\n\t\t<div class=\"sow-carousel-thumbnail\">\n\t\t\t\t\t\t\t<a\n\t\t\t\t\thref=\"https:\/\/bruno-ferignac-photographe.fr\/accueil\/seance-photo-grossesse-en-noir-et-blanc\/\"\n\t\t\t\t\t\t\t\t\t\tstyle=\"background-image: url( https:\/\/bruno-ferignac-photographe.fr\/accueil\/wp-content\/uploads\/2015\/11\/DSC5492-2-200x200.jpg )\"\n\t\t\t\t\taria-labelledby=\"sow-carousel-id-1135\"\n\t\t\t\t\ttabindex=\"-1\"\n\t\t\t\t>\n\t\t\t\t\t<span class=\"overlay\"><\/span>\n\t\t\t\t<\/a>\n\t\t\t\t\t<\/div>\n\t\t<h3 class=\"sow-carousel-item-title\">\n\t\t\t<a\n\t\t\t\thref=\"https:\/\/bruno-ferignac-photographe.fr\/accueil\/seance-photo-grossesse-en-noir-et-blanc\/\"\n\t\t\t\tid=\"sow-carousel-id-1135\"\n\t\t\t\t\t\t\t\ttabindex=\"-1\"\n\t\t\t>\n\n\t\t\t\tS\u00e9ance Photo Grossesse en Noir et blanc\t\t\t<\/a>\n\t\t<\/h3>\n\t<\/div>\n\t\t<div class=\"sow-carousel-item\" tabindex=\"-1\" style=\"float: left;\">\n\t\t<div class=\"sow-carousel-thumbnail\">\n\t\t\t\t\t\t\t<a\n\t\t\t\t\thref=\"https:\/\/bruno-ferignac-photographe.fr\/accueil\/premier-anniversaire\/\"\n\t\t\t\t\t\t\t\t\t\tstyle=\"background-image: url( https:\/\/bruno-ferignac-photographe.fr\/accueil\/wp-content\/uploads\/2015\/09\/Sybill-9-200x200.jpg )\"\n\t\t\t\t\taria-labelledby=\"sow-carousel-id-1023\"\n\t\t\t\t\ttabindex=\"-1\"\n\t\t\t\t>\n\t\t\t\t\t<span class=\"overlay\"><\/span>\n\t\t\t\t<\/a>\n\t\t\t\t\t<\/div>\n\t\t<h3 class=\"sow-carousel-item-title\">\n\t\t\t<a\n\t\t\t\thref=\"https:\/\/bruno-ferignac-photographe.fr\/accueil\/premier-anniversaire\/\"\n\t\t\t\tid=\"sow-carousel-id-1023\"\n\t\t\t\t\t\t\t\ttabindex=\"-1\"\n\t\t\t>\n\n\t\t\t\tPremier anniversaire\t\t\t<\/a>\n\t\t<\/h3>\n\t<\/div>\n\t\t\t<\/div>\n\t\t\t<\/div>\n\n\t<\/div>\n\t\t<input type=\"hidden\" name=\"instance_hash\" value=\"ab8c6d38\"\/>\n\t<\/div>\n<\/div><\/div><\/div>\n\t\t<div id=\"panel-1529-1-0-1\" class=\"so-panel widget widget_recent-posts widget_recent_entries\" data-index=\"2\" >\n\t\t<h3 class=\"widget-title\">Articles r\u00e9cents<\/h3>\n\t\t<ul>\n\t\t\t\t\t\t\t\t\t\t\t<li>\n\t\t\t\t\t<a href=\"https:\/\/bruno-ferignac-photographe.fr\/accueil\/venise\/\">Venise<\/a>\n\t\t\t\t\t\t\t\t\t<\/li>\n\t\t\t\t\t\t\t\t\t\t\t<li>\n\t\t\t\t\t<a href=\"https:\/\/bruno-ferignac-photographe.fr\/accueil\/2569-2\/\">Mise en sc\u00e8ne et packshot<\/a>\n\t\t\t\t\t\t\t\t\t<\/li>\n\t\t\t\t\t\t\t\t\t\t\t<li>\n\t\t\t\t\t<a href=\"https:\/\/bruno-ferignac-photographe.fr\/accueil\/couple\/\">S\u00e9ance Couple \u00ab\u00a0Engagement\u00a0\u00bb<\/a>\n\t\t\t\t\t\t\t\t\t<\/li>\n\t\t\t\t\t\t\t\t\t\t\t<li>\n\t\t\t\t\t<a href=\"https:\/\/bruno-ferignac-photographe.fr\/accueil\/seance-studio\/\">Des accessoires pour le studio photo<\/a>\n\t\t\t\t\t\t\t\t\t<\/li>\n\t\t\t\t\t\t\t\t\t\t\t<li>\n\t\t\t\t\t<a href=\"https:\/\/bruno-ferignac-photographe.fr\/accueil\/nourrisson\/\">Nourrisson<\/a>\n\t\t\t\t\t\t\t\t\t<\/li>\n\t\t\t\t\t\t\t\t\t\t\t<li>\n\t\t\t\t\t<a href=\"https:\/\/bruno-ferignac-photographe.fr\/accueil\/nouveau-ne\/\">Nouveau-n\u00e9 en Noir et blanc<\/a>\n\t\t\t\t\t\t\t\t\t<\/li>\n\t\t\t\t\t\t\t\t\t\t\t<li>\n\t\t\t\t\t<a href=\"https:\/\/bruno-ferignac-photographe.fr\/accueil\/cratylik-gene-ohm\/\">Cratylik gene ohm au Labo<\/a>\n\t\t\t\t\t\t\t\t\t<\/li>\n\t\t\t\t\t\t\t\t\t\t\t<li>\n\t\t\t\t\t<a href=\"https:\/\/bruno-ferignac-photographe.fr\/accueil\/seance-photo-grossesse-en-noir-et-blanc\/\">S\u00e9ance Photo Grossesse en Noir et blanc<\/a>\n\t\t\t\t\t\t\t\t\t<\/li>\n\t\t\t\t\t\t\t\t\t\t\t<li>\n\t\t\t\t\t<a href=\"https:\/\/bruno-ferignac-photographe.fr\/accueil\/premier-anniversaire\/\">Premier anniversaire<\/a>\n\t\t\t\t\t\t\t\t\t<\/li>\n\t\t\t\t\t<\/ul>\n\n\t\t<\/div><div id=\"panel-1529-1-0-2\" class=\"so-panel widget widget_black-studio-tinymce widget_black_studio_tinymce\" data-index=\"3\" ><div class=\"textwidget\">&nbsp;\n<p style=\"text-align: center;\"><span class=\"bas-de-page\">Acc\u00e8s direct \u00e0\u00a0\u00a0<a href=\"http:\/\/bruno-ferignac-photographe.fr\/accueil\/\">l'accueil,<\/a>\u00a0 <a href=\"http:\/\/bruno-ferignac-photographe.fr\/accueil\/portfolio\">mon portfolio,<\/a>\u00a0\u00a0<a href=\"http:\/\/bruno-ferignac-photographe.fr\/accueil\/aricles\/\"> mon blog.<\/a>\n D\u00e9couvrez \u00a0\u00a0<a href=\"http:\/\/bruno-ferignac-photographe.fr\/accueil\/prestations\/stage\">mes stages<\/a>\u00a0 \u00a0ou \u00a0<a href=\"http:\/\/bruno-ferignac-photographe.fr\/accueil\/contact\">contactez moi<\/a>.<\/span><\/p>\n<p style=\"padding-left: 180px; text-align: center;\"><span class=\"bas-de-page\">Vous pouvez \u00e9galement me suivre <a href=\"https:\/\/www.facebook.com\/profile.php?id=100009579051467\" target=\"_blank\" rel=\"noopener\">sur Facebook<\/a><\/span><\/p>\n&nbsp;<\/div><\/div><div id=\"panel-1529-1-0-3\" class=\"so-panel widget widget_black-studio-tinymce widget_black_studio_tinymce panel-last-child\" data-index=\"4\" ><div class=\"textwidget\"><p style=\"text-align: right;\">\n<div class=\"juiz_sps_links  counters_both juiz_sps_displayed_nowhere\" data-post-id=\"1023\">\n<p class=\"screen-reader-text juiz_sps_maybe_hidden_text\">Partager la publication \"Premier anniversaire\"<\/p>\n\n\t<ul class=\"juiz_sps_links_list juiz_sps_hide_name\" onclick=\"void(0);\"><li class=\"juiz_sps_item juiz_sps_link_facebook\"><a href=\"https:\/\/www.facebook.com\/sharer.php?u=https%3A%2F%2Fbruno-ferignac-photographe.fr%2Faccueil%2Fwp-json%2Fwp%2Fv2%2Fpages%2F1529\" rel=\"nofollow\"   title=\"Partager cet article sur Facebook\" class=\"juiz_sps_button\" data-nobs-key=\"facebook\"><span class=\"juiz_sps_icon jsps-facebook\"><\/span><span class=\"juiz_sps_network_name\">Facebook<\/span><\/a><\/li><li class=\"juiz_sps_item juiz_sps_link_twitter\"><a href=\"https:\/\/x.com\/intent\/tweet?source=webclient&#038;original_referer=https%3A%2F%2Fbruno-ferignac-photographe.fr%2Faccueil%2Fwp-json%2Fwp%2Fv2%2Fpages%2F1529&#038;text=Premier%20anniversaire&#038;url=https%3A%2F%2Fbruno-ferignac-photographe.fr%2Faccueil%2Fwp-json%2Fwp%2Fv2%2Fpages%2F1529\" rel=\"nofollow\"   title=\"Partager cet article sur X\" class=\"juiz_sps_button\" data-nobs-key=\"twitter\"><span class=\"juiz_sps_icon jsps-twitter\"><\/span><span class=\"juiz_sps_network_name\">X<\/span><\/a><\/li><li class=\"juiz_sps_item juiz_sps_link_pinterest\"><a href=\"https:\/\/pinterest.com\/pin\/create\/bookmarklet\/?url=https%3A%2F%2Fbruno-ferignac-photographe.fr%2Faccueil%2Fwp-json%2Fwp%2Fv2%2Fpages%2F1529&#038;media=https:\/\/bruno-ferignac-photographe.fr\/accueil\/wp-content\/uploads\/2015\/09\/Sybill-9.jpg\" rel=\"nofollow\"   title=\"Partager une image de cette publication sur Pinterest\" class=\"juiz_sps_button\" data-nobs-key=\"pinterest\"><span class=\"juiz_sps_icon jsps-pinterest\"><\/span><span class=\"juiz_sps_network_name\">Pinterest<\/span><\/a><\/li><li class=\"juiz_sps_item juiz_sps_link_linkedin\"><a href=\"https:\/\/www.linkedin.com\/sharing\/share-offsite\/?url=https%3A%2F%2Fbruno-ferignac-photographe.fr%2Faccueil%2Fwp-json%2Fwp%2Fv2%2Fpages%2F1529\" rel=\"nofollow\"   title=\"Partager cet article sur LinkedIn\" class=\"juiz_sps_button\" data-nobs-key=\"linkedin\"><span class=\"juiz_sps_icon jsps-linkedin\"><\/span><span class=\"juiz_sps_network_name\">LinkedIn<\/span><\/a><\/li><li class=\"juiz_sps_item juiz_sps_link_mail\"><a href=\"mailto:?subject=Un%20photographe&#038;body=J&#039;ai%20trouv\u00e9%20un%20photographe.%20Je%20pense%20que%20son%20travail%20peut%20t&#039;int\u00e9resser.%20Bonne%20journ\u00e9e%20:)%20https:\/\/bruno-ferignac-photographe.fr\/accueil\/premier-anniversaire\/\" rel=\"nofollow\"   title=\"Partager cette publication avec un ami (e-mail)\" class=\"juiz_sps_button\" data-nobs-key=\"mail\"><span class=\"juiz_sps_icon jsps-mail\"><\/span><span class=\"juiz_sps_network_name\">E-mail<\/span><\/a><\/li><\/ul>\n\t<\/div>\n\n<\/p>\n<\/div><\/div><\/div><\/div><\/div>","protected":false},"excerpt":{"rendered":"<p>Bienvenue dans mon blog !Sur cette page vous trouverez des articles issus de mes prestations pour&hellip;<\/p>\n","protected":false},"author":1,"featured_media":0,"parent":0,"menu_order":0,"comment_status":"closed","ping_status":"closed","template":"","meta":{"footnotes":""},"class_list":["post-1529","page","type-page","status-publish","hentry"],"yoast_head":"<!-- This site is optimized with the Yoast SEO plugin v27.2 - https:\/\/yoast.com\/product\/yoast-seo-wordpress\/ -->\n<title>blog - Bruno Ferignac Photographe dans l&#039;H\u00e9rault<\/title>\n<meta name=\"description\" content=\"Dans ce blog, vous trouverez des articles issues de mes prestations pour les particuliers, quelques reportages et la pr\u00e9sentation de mes travaux personnels.\" \/>\n<meta name=\"robots\" content=\"index, follow, max-snippet:-1, max-image-preview:large, max-video-preview:-1\" \/>\n<link rel=\"canonical\" href=\"https:\/\/bruno-ferignac-photographe.fr\/accueil\/articles\/\" \/>\n<meta name=\"twitter:card\" content=\"summary_large_image\" \/>\n<meta name=\"twitter:title\" content=\"blog - Bruno Ferignac Photographe dans l&#039;H\u00e9rault\" \/>\n<meta name=\"twitter:description\" content=\"Dans ce blog, vous trouverez des articles issues de mes prestations pour les particuliers, quelques reportages et la pr\u00e9sentation de mes travaux personnels.\" \/>\n<script type=\"application\/ld+json\" class=\"yoast-schema-graph\">{\"@context\":\"https:\/\/schema.org\",\"@graph\":[{\"@type\":\"WebPage\",\"@id\":\"https:\/\/bruno-ferignac-photographe.fr\/accueil\/articles\/\",\"url\":\"https:\/\/bruno-ferignac-photographe.fr\/accueil\/articles\/\",\"name\":\"blog - Bruno Ferignac Photographe dans l'H\u00e9rault\",\"isPartOf\":{\"@id\":\"https:\/\/bruno-ferignac-photographe.fr\/accueil\/#website\"},\"datePublished\":\"2016-01-06T10:42:42+00:00\",\"dateModified\":\"2020-06-30T09:57:11+00:00\",\"description\":\"Dans ce blog, vous trouverez des articles issues de mes prestations pour les particuliers, quelques reportages et la pr\u00e9sentation de mes travaux personnels.\",\"breadcrumb\":{\"@id\":\"https:\/\/bruno-ferignac-photographe.fr\/accueil\/articles\/#breadcrumb\"},\"inLanguage\":\"fr-FR\",\"potentialAction\":[{\"@type\":\"ReadAction\",\"target\":[\"https:\/\/bruno-ferignac-photographe.fr\/accueil\/articles\/\"]}]},{\"@type\":\"BreadcrumbList\",\"@id\":\"https:\/\/bruno-ferignac-photographe.fr\/accueil\/articles\/#breadcrumb\",\"itemListElement\":[{\"@type\":\"ListItem\",\"position\":1,\"name\":\"Accueil\",\"item\":\"https:\/\/bruno-ferignac-photographe.fr\/accueil\/\"},{\"@type\":\"ListItem\",\"position\":2,\"name\":\"Blog\"}]},{\"@type\":\"WebSite\",\"@id\":\"https:\/\/bruno-ferignac-photographe.fr\/accueil\/#website\",\"url\":\"https:\/\/bruno-ferignac-photographe.fr\/accueil\/\",\"name\":\"L&#039; atelier pho&#039;thau\",\"description\":\"Un photographe pour vous !\",\"potentialAction\":[{\"@type\":\"SearchAction\",\"target\":{\"@type\":\"EntryPoint\",\"urlTemplate\":\"https:\/\/bruno-ferignac-photographe.fr\/accueil\/?s={search_term_string}\"},\"query-input\":{\"@type\":\"PropertyValueSpecification\",\"valueRequired\":true,\"valueName\":\"search_term_string\"}}],\"inLanguage\":\"fr-FR\"}]}<\/script>\n<!-- \/ Yoast SEO plugin. -->","yoast_head_json":{"title":"blog - Bruno Ferignac Photographe dans l'H\u00e9rault","description":"Dans ce blog, vous trouverez des articles issues de mes prestations pour les particuliers, quelques reportages et la pr\u00e9sentation de mes travaux personnels.","robots":{"index":"index","follow":"follow","max-snippet":"max-snippet:-1","max-image-preview":"max-image-preview:large","max-video-preview":"max-video-preview:-1"},"canonical":"https:\/\/bruno-ferignac-photographe.fr\/accueil\/articles\/","twitter_card":"summary_large_image","twitter_title":"blog - Bruno Ferignac Photographe dans l'H\u00e9rault","twitter_description":"Dans ce blog, vous trouverez des articles issues de mes prestations pour les particuliers, quelques reportages et la pr\u00e9sentation de mes travaux personnels.","schema":{"@context":"https:\/\/schema.org","@graph":[{"@type":"WebPage","@id":"https:\/\/bruno-ferignac-photographe.fr\/accueil\/articles\/","url":"https:\/\/bruno-ferignac-photographe.fr\/accueil\/articles\/","name":"blog - Bruno Ferignac Photographe dans l'H\u00e9rault","isPartOf":{"@id":"https:\/\/bruno-ferignac-photographe.fr\/accueil\/#website"},"datePublished":"2016-01-06T10:42:42+00:00","dateModified":"2020-06-30T09:57:11+00:00","description":"Dans ce blog, vous trouverez des articles issues de mes prestations pour les particuliers, quelques reportages et la pr\u00e9sentation de mes travaux personnels.","breadcrumb":{"@id":"https:\/\/bruno-ferignac-photographe.fr\/accueil\/articles\/#breadcrumb"},"inLanguage":"fr-FR","potentialAction":[{"@type":"ReadAction","target":["https:\/\/bruno-ferignac-photographe.fr\/accueil\/articles\/"]}]},{"@type":"BreadcrumbList","@id":"https:\/\/bruno-ferignac-photographe.fr\/accueil\/articles\/#breadcrumb","itemListElement":[{"@type":"ListItem","position":1,"name":"Accueil","item":"https:\/\/bruno-ferignac-photographe.fr\/accueil\/"},{"@type":"ListItem","position":2,"name":"Blog"}]},{"@type":"WebSite","@id":"https:\/\/bruno-ferignac-photographe.fr\/accueil\/#website","url":"https:\/\/bruno-ferignac-photographe.fr\/accueil\/","name":"L&#039; atelier pho&#039;thau","description":"Un photographe pour vous !","potentialAction":[{"@type":"SearchAction","target":{"@type":"EntryPoint","urlTemplate":"https:\/\/bruno-ferignac-photographe.fr\/accueil\/?s={search_term_string}"},"query-input":{"@type":"PropertyValueSpecification","valueRequired":true,"valueName":"search_term_string"}}],"inLanguage":"fr-FR"}]}},"_links":{"self":[{"href":"https:\/\/bruno-ferignac-photographe.fr\/accueil\/wp-json\/wp\/v2\/pages\/1529","targetHints":{"allow":["GET"]}}],"collection":[{"href":"https:\/\/bruno-ferignac-photographe.fr\/accueil\/wp-json\/wp\/v2\/pages"}],"about":[{"href":"https:\/\/bruno-ferignac-photographe.fr\/accueil\/wp-json\/wp\/v2\/types\/page"}],"author":[{"embeddable":true,"href":"https:\/\/bruno-ferignac-photographe.fr\/accueil\/wp-json\/wp\/v2\/users\/1"}],"replies":[{"embeddable":true,"href":"https:\/\/bruno-ferignac-photographe.fr\/accueil\/wp-json\/wp\/v2\/comments?post=1529"}],"version-history":[{"count":86,"href":"https:\/\/bruno-ferignac-photographe.fr\/accueil\/wp-json\/wp\/v2\/pages\/1529\/revisions"}],"predecessor-version":[{"id":8451,"href":"https:\/\/bruno-ferignac-photographe.fr\/accueil\/wp-json\/wp\/v2\/pages\/1529\/revisions\/8451"}],"wp:attachment":[{"href":"https:\/\/bruno-ferignac-photographe.fr\/accueil\/wp-json\/wp\/v2\/media?parent=1529"}],"curies":[{"name":"wp","href":"https:\/\/api.w.org\/{rel}","templated":true}]}}