{"id":4725,"date":"2018-10-04T21:01:47","date_gmt":"2018-10-04T19:01:47","guid":{"rendered":"http:\/\/bruno-ferignac-photographe.fr\/accueil\/?page_id=4725"},"modified":"2018-11-17T17:58:50","modified_gmt":"2018-11-17T16:58:50","slug":"comprendre-photoshop","status":"publish","type":"page","link":"https:\/\/bruno-ferignac-photographe.fr\/accueil\/prestations\/stage\/comprendre-photoshop\/","title":{"rendered":"Comprendre  Photoshop"},"content":{"rendered":"<div id=\"pl-4725\"  class=\"panel-layout\" ><div id=\"pg-4725-0\"  class=\"panel-grid panel-no-style\" ><div id=\"pgc-4725-0-0\"  class=\"panel-grid-cell\" ><div id=\"panel-4725-0-0-0\" class=\"so-panel widget widget_text panel-first-child panel-last-child\" data-index=\"0\" >\t\t\t<div class=\"textwidget\"><p class=\"marge\" style=\"text-align: center;\"><strong>-Ouvert toute l&rsquo;ann\u00e9e &#8211;<\/strong><\/p>\n<p class=\"marge\" style=\"text-align: center;\"><strong>&#8211;\u00a0<\/strong><b>Individuel &#8211;\u00a0<\/b><\/p>\n<p class=\"bas-de-page\" style=\"text-align: center; padding-right: 90px;\">\n<\/div>\n\t\t<\/div><\/div><div id=\"pgc-4725-0-1\"  class=\"panel-grid-cell panel-grid-cell-mobile-last\" ><div id=\"panel-4725-0-1-0\" class=\"so-panel widget panel-first-child panel-last-child\" data-index=\"1\" ><\/div><\/div><div id=\"pgc-4725-0-2\"  class=\"panel-grid-cell panel-grid-cell-empty\" ><\/div><\/div><div id=\"pg-4725-1\"  class=\"panel-grid panel-no-style\" ><div id=\"pgc-4725-1-0\"  class=\"panel-grid-cell\" ><div id=\"panel-4725-1-0-0\" class=\"so-panel widget widget_text panel-first-child\" data-index=\"2\" >\t\t\t<div class=\"textwidget\"><p class=\"corps\" style=\"text-align: left;\">La prise en main d&rsquo;un logiciel de retouche d&rsquo;images comme photoshop est une \u00e9tape importante pour les photographes cherchant \u00e0 am\u00e9liorer et personnaliser le rendu de leurs images.<\/p>\n<p class=\"corps\" style=\"text-align: left;\">Je vous propose donc un stage \u00a0Photoshop qui se d\u00e9roule au studio, \u00e0 Marseillan dans l&rsquo;H\u00e9rault, et qui dure 2h, 4h ou 6h \u00e0 r\u00e9aliser en une ou plusieurs fois. Il est ouvert aux photographes d\u00e9butant sur le logiciel Photoshop CC et souhaitant \u00a0comprendre les diff\u00e9rentes fonctions et utilisations li\u00e9es \u00e0 la photographie. Ce stage est une formation individuelle, ainsi je peux vraiment vous aider sur vos points de blocage et adapter le d\u00e9roulement du stage en fonction de vos demandes et de votre propre exp\u00e9rience.<\/p>\n<p class=\"corps\" style=\"text-align: left;\">Quelques points abord\u00e9s lors du stage:<\/p>\n<ul>\n<li style=\"list-style-type: none;\">\n<ul>\n<li class=\"corps\" style=\"text-align: left;\">&#8211; Pr\u00e9sentation du logiciel<\/li>\n<li class=\"corps\" style=\"text-align: left;\">&#8211; Les outils de correction<\/li>\n<li class=\"corps\" style=\"text-align: left;\">&#8211; Les calques<\/li>\n<li class=\"corps\" style=\"text-align: left;\">&#8211; Le masque de fusion<\/li>\n<li class=\"corps\" style=\"text-align: left;\">&#8211; Les outils de s\u00e9lection<\/li>\n<li class=\"corps\" style=\"text-align: left;\">&#8211; L&rsquo;utilisation des calques en pratique<\/li>\n<li class=\"corps\" style=\"text-align: left;\">&#8211; ect&#8230;<\/li>\n<\/ul>\n<\/li>\n<\/ul>\n<p class=\"corps\" style=\"text-align: left;\">On travaillera sur un panel de photographies issues de ma banque d&rsquo;images pour chaque point. Ces photos vous seront remises \u00e0 la fin du stage.<\/p>\n<p class=\"corps\" style=\"text-align: left;\">Pour aller plus loin avec le logiciel, je peux vous concocter une s\u00e9rie de stages \u00e0 r\u00e9aliser sur plusieurs s\u00e9ances avec un point pr\u00e9cis abord\u00e9 \u00e0 chaque rencontre afin de vous aider \u00e0 progresser avec le post traitement sans vous noyer sous un flux d&rsquo;infos.<\/p>\n<p>&nbsp;<\/p>\n<p class=\"corps\" style=\"text-align: left;\"><em>-Mat\u00e9riel conseill\u00e9: Une cl\u00e9 usb pour\u00a0<\/em><i>r\u00e9cup\u00e9rer les images types.<\/i><br \/>\n<em>-Pour tous renseignements <a href=\" http:\/\/bruno-ferignac-photographe.fr\/accueil\/contact\/formulaire-de-contact\/\">contactez moi<\/a><\/em><\/p>\n<\/div>\n\t\t<\/div><div id=\"panel-4725-1-0-1\" class=\"so-panel widget widget_text\" data-index=\"3\" >\t\t\t<div class=\"textwidget\"><p class=\"bas-de-page\" style=\"text-align: center; padding-right: 90px;\">&#8211; D\u00e9couvrez tous <a href=\"http:\/\/bruno-ferignac-photographe.fr\/accueil\/prestations\/stage\">mes stages<\/a>\u00a0 &#8211; Visitez <a href=\"http:\/\/bruno-ferignac-photographe.fr\/accueil\/portfolio\">mon portfolio<\/a> &#8211; <a href=\"http:\/\/bruno-ferignac-photographe.fr\/accueil\/contact\/formulaire-de-contact\/\">Contactez moi<\/a> &#8211;<\/p>\n<\/div>\n\t\t<\/div><div id=\"panel-4725-1-0-2\" class=\"so-panel widget widget_text panel-last-child\" data-index=\"4\" >\t\t\t<div class=\"textwidget\"><div class=\"juiz_sps_links  counters_both juiz_sps_displayed_nowhere\" data-post-id=\"\">\n<p class=\"screen-reader-text juiz_sps_maybe_hidden_text\">Partager la publication \u00ab\u00a0\u00a0\u00bb<\/p>\n<ul class=\"juiz_sps_links_list juiz_sps_hide_name\" onclick=\"void(0);\">\n<li class=\"juiz_sps_item juiz_sps_link_facebook\"><a href=\"https:\/\/www.facebook.com\/sharer.php?u=https%3A%2F%2Fbruno-ferignac-photographe.fr%2Faccueil%2Fwp-json%2Fwp%2Fv2%2Fpages%2F4725\" rel=\"nofollow\"   title=\"Partager cet article sur Facebook\" class=\"juiz_sps_button\" data-nobs-key=\"facebook\"><span class=\"juiz_sps_icon jsps-facebook\"><\/span><span class=\"juiz_sps_network_name\">Facebook<\/span><\/a><\/li>\n<li class=\"juiz_sps_item juiz_sps_link_twitter\"><a href=\"https:\/\/x.com\/intent\/tweet?source=webclient&#038;original_referer=https%3A%2F%2Fbruno-ferignac-photographe.fr%2Faccueil%2Fwp-json%2Fwp%2Fv2%2Fpages%2F4725&#038;text=&#038;url=https%3A%2F%2Fbruno-ferignac-photographe.fr%2Faccueil%2Fwp-json%2Fwp%2Fv2%2Fpages%2F4725\" rel=\"nofollow\"   title=\"Partager cet article sur X\" class=\"juiz_sps_button\" data-nobs-key=\"twitter\"><span class=\"juiz_sps_icon jsps-twitter\"><\/span><span class=\"juiz_sps_network_name\">X<\/span><\/a><\/li>\n<li class=\"juiz_sps_item juiz_sps_link_pinterest\"><a href=\"\" rel=\"nofollow\"   title=\"Partager une image de cette publication sur Pinterest\" class=\"juiz_sps_button\" data-nobs-key=\"pinterest\"><span class=\"juiz_sps_icon jsps-pinterest\"><\/span><span class=\"juiz_sps_network_name\">Pinterest<\/span><\/a><\/li>\n<li class=\"juiz_sps_item juiz_sps_link_linkedin\"><a href=\"https:\/\/www.linkedin.com\/sharing\/share-offsite\/?url=https%3A%2F%2Fbruno-ferignac-photographe.fr%2Faccueil%2Fwp-json%2Fwp%2Fv2%2Fpages%2F4725\" rel=\"nofollow\"   title=\"Partager cet article sur LinkedIn\" class=\"juiz_sps_button\" data-nobs-key=\"linkedin\"><span class=\"juiz_sps_icon jsps-linkedin\"><\/span><span class=\"juiz_sps_network_name\">LinkedIn<\/span><\/a><\/li>\n<li class=\"juiz_sps_item juiz_sps_link_mail\"><a href=\"mailto:?subject=Un%20photographe&#038;body=J&#039;ai%20trouv\u00e9%20un%20photographe.%20Je%20pense%20que%20son%20travail%20peut%20t&#039;int\u00e9resser.%20Bonne%20journ\u00e9e%20:)%20\" rel=\"nofollow\"   title=\"Partager cette publication avec un ami (e-mail)\" class=\"juiz_sps_button\" data-nobs-key=\"mail\"><span class=\"juiz_sps_icon jsps-mail\"><\/span><span class=\"juiz_sps_network_name\">E-mail<\/span><\/a><\/li>\n<\/ul><\/div>\n<\/div>\n\t\t<\/div><\/div><\/div><\/div>","protected":false},"excerpt":{"rendered":"<p>-Ouvert toute l&rsquo;ann\u00e9e &#8211; &#8211;\u00a0Individuel &#8211;\u00a0 La prise en main d&rsquo;un logiciel de retouche d&rsquo;images comme&hellip;<\/p>\n","protected":false},"author":1,"featured_media":4737,"parent":2378,"menu_order":0,"comment_status":"closed","ping_status":"closed","template":"","meta":{"footnotes":""},"class_list":["post-4725","page","type-page","status-publish","has-post-thumbnail","hentry"],"yoast_head":"<!-- This site is optimized with the Yoast SEO plugin v27.2 - https:\/\/yoast.com\/product\/yoast-seo-wordpress\/ -->\n<title>Comprendre Photoshop - L&#039; atelier pho&#039;thau<\/title>\n<meta name=\"description\" content=\"-Ouvert toute l&rsquo;ann\u00e9e &#8211; &#8211;\u00a0Individuel &#8211;\u00a0 La prise en main d&rsquo;un logiciel de retouche d&rsquo;images comme photoshop est une Photoshop est le logiciel de retouche photo par excellence. Ce stage vous permetra de comprendre les subtilit\u00e9s et l&#039;utilisation de ce logiciel.\" \/>\n<meta name=\"robots\" content=\"index, follow, max-snippet:-1, max-image-preview:large, max-video-preview:-1\" \/>\n<link rel=\"canonical\" href=\"http:\/\/bruno-ferignac-photographe.fr\/accueil\/prestations\/stage\/comprendre-photoshop\/\" \/>\n<meta name=\"twitter:card\" content=\"summary_large_image\" \/>\n<meta name=\"twitter:title\" content=\"Comprendre Photoshop - L&#039; atelier pho&#039;thau\" \/>\n<meta name=\"twitter:description\" content=\"-Ouvert toute l&rsquo;ann\u00e9e &#8211; &#8211;\u00a0Individuel &#8211;\u00a0 La prise en main d&rsquo;un logiciel de retouche d&rsquo;images comme photoshop est une Photoshop est le logiciel de retouche photo par excellence. Ce stage vous permetra de comprendre les subtilit\u00e9s et l&#039;utilisation de ce logiciel.\" \/>\n<meta name=\"twitter:image\" content=\"https:\/\/bruno-ferignac-photographe.fr\/accueil\/wp-content\/uploads\/2018\/10\/Comprendre-photoshop-1.jpg\" \/>\n<meta name=\"twitter:label1\" content=\"Dur\u00e9e de lecture estim\u00e9e\" \/>\n\t<meta name=\"twitter:data1\" content=\"1 minute\" \/>\n<script type=\"application\/ld+json\" class=\"yoast-schema-graph\">{\"@context\":\"https:\/\/schema.org\",\"@graph\":[{\"@type\":\"WebPage\",\"@id\":\"http:\/\/bruno-ferignac-photographe.fr\/accueil\/prestations\/stage\/comprendre-photoshop\/\",\"url\":\"http:\/\/bruno-ferignac-photographe.fr\/accueil\/prestations\/stage\/comprendre-photoshop\/\",\"name\":\"Comprendre Photoshop - L&#039; atelier pho&#039;thau\",\"isPartOf\":{\"@id\":\"https:\/\/bruno-ferignac-photographe.fr\/accueil\/#website\"},\"primaryImageOfPage\":{\"@id\":\"http:\/\/bruno-ferignac-photographe.fr\/accueil\/prestations\/stage\/comprendre-photoshop\/#primaryimage\"},\"image\":{\"@id\":\"http:\/\/bruno-ferignac-photographe.fr\/accueil\/prestations\/stage\/comprendre-photoshop\/#primaryimage\"},\"thumbnailUrl\":\"https:\/\/bruno-ferignac-photographe.fr\/accueil\/wp-content\/uploads\/2018\/10\/Comprendre-photoshop-1.jpg\",\"datePublished\":\"2018-10-04T19:01:47+00:00\",\"dateModified\":\"2018-11-17T16:58:50+00:00\",\"description\":\"-Ouvert toute l&rsquo;ann\u00e9e &#8211; &#8211;\u00a0Individuel &#8211;\u00a0 La prise en main d&rsquo;un logiciel de retouche d&rsquo;images comme photoshop est une Photoshop est le logiciel de retouche photo par excellence. Ce stage vous permetra de comprendre les subtilit\u00e9s et l'utilisation de ce logiciel.\",\"breadcrumb\":{\"@id\":\"http:\/\/bruno-ferignac-photographe.fr\/accueil\/prestations\/stage\/comprendre-photoshop\/#breadcrumb\"},\"inLanguage\":\"fr-FR\",\"potentialAction\":[{\"@type\":\"ReadAction\",\"target\":[\"http:\/\/bruno-ferignac-photographe.fr\/accueil\/prestations\/stage\/comprendre-photoshop\/\"]}]},{\"@type\":\"ImageObject\",\"inLanguage\":\"fr-FR\",\"@id\":\"http:\/\/bruno-ferignac-photographe.fr\/accueil\/prestations\/stage\/comprendre-photoshop\/#primaryimage\",\"url\":\"https:\/\/bruno-ferignac-photographe.fr\/accueil\/wp-content\/uploads\/2018\/10\/Comprendre-photoshop-1.jpg\",\"contentUrl\":\"https:\/\/bruno-ferignac-photographe.fr\/accueil\/wp-content\/uploads\/2018\/10\/Comprendre-photoshop-1.jpg\",\"width\":788,\"height\":394},{\"@type\":\"BreadcrumbList\",\"@id\":\"http:\/\/bruno-ferignac-photographe.fr\/accueil\/prestations\/stage\/comprendre-photoshop\/#breadcrumb\",\"itemListElement\":[{\"@type\":\"ListItem\",\"position\":1,\"name\":\"Accueil\",\"item\":\"https:\/\/bruno-ferignac-photographe.fr\/accueil\/\"},{\"@type\":\"ListItem\",\"position\":2,\"name\":\"Prestations\",\"item\":\"https:\/\/bruno-ferignac-photographe.fr\/accueil\/prestations\/\"},{\"@type\":\"ListItem\",\"position\":3,\"name\":\"Stage photo\",\"item\":\"https:\/\/bruno-ferignac-photographe.fr\/accueil\/prestations\/stage\/\"},{\"@type\":\"ListItem\",\"position\":4,\"name\":\"Comprendre Photoshop\"}]},{\"@type\":\"WebSite\",\"@id\":\"https:\/\/bruno-ferignac-photographe.fr\/accueil\/#website\",\"url\":\"https:\/\/bruno-ferignac-photographe.fr\/accueil\/\",\"name\":\"L&#039; atelier pho&#039;thau\",\"description\":\"Un photographe pour vous !\",\"potentialAction\":[{\"@type\":\"SearchAction\",\"target\":{\"@type\":\"EntryPoint\",\"urlTemplate\":\"https:\/\/bruno-ferignac-photographe.fr\/accueil\/?s={search_term_string}\"},\"query-input\":{\"@type\":\"PropertyValueSpecification\",\"valueRequired\":true,\"valueName\":\"search_term_string\"}}],\"inLanguage\":\"fr-FR\"}]}<\/script>\n<!-- \/ Yoast SEO plugin. -->","yoast_head_json":{"title":"Comprendre Photoshop - L&#039; atelier pho&#039;thau","description":"-Ouvert toute l&rsquo;ann\u00e9e &#8211; &#8211;\u00a0Individuel &#8211;\u00a0 La prise en main d&rsquo;un logiciel de retouche d&rsquo;images comme photoshop est une Photoshop est le logiciel de retouche photo par excellence. Ce stage vous permetra de comprendre les subtilit\u00e9s et l'utilisation de ce logiciel.","robots":{"index":"index","follow":"follow","max-snippet":"max-snippet:-1","max-image-preview":"max-image-preview:large","max-video-preview":"max-video-preview:-1"},"canonical":"http:\/\/bruno-ferignac-photographe.fr\/accueil\/prestations\/stage\/comprendre-photoshop\/","twitter_card":"summary_large_image","twitter_title":"Comprendre Photoshop - L&#039; atelier pho&#039;thau","twitter_description":"-Ouvert toute l&rsquo;ann\u00e9e &#8211; &#8211;\u00a0Individuel &#8211;\u00a0 La prise en main d&rsquo;un logiciel de retouche d&rsquo;images comme photoshop est une Photoshop est le logiciel de retouche photo par excellence. Ce stage vous permetra de comprendre les subtilit\u00e9s et l'utilisation de ce logiciel.","twitter_image":"https:\/\/bruno-ferignac-photographe.fr\/accueil\/wp-content\/uploads\/2018\/10\/Comprendre-photoshop-1.jpg","twitter_misc":{"Dur\u00e9e de lecture estim\u00e9e":"1 minute"},"schema":{"@context":"https:\/\/schema.org","@graph":[{"@type":"WebPage","@id":"http:\/\/bruno-ferignac-photographe.fr\/accueil\/prestations\/stage\/comprendre-photoshop\/","url":"http:\/\/bruno-ferignac-photographe.fr\/accueil\/prestations\/stage\/comprendre-photoshop\/","name":"Comprendre Photoshop - L&#039; atelier pho&#039;thau","isPartOf":{"@id":"https:\/\/bruno-ferignac-photographe.fr\/accueil\/#website"},"primaryImageOfPage":{"@id":"http:\/\/bruno-ferignac-photographe.fr\/accueil\/prestations\/stage\/comprendre-photoshop\/#primaryimage"},"image":{"@id":"http:\/\/bruno-ferignac-photographe.fr\/accueil\/prestations\/stage\/comprendre-photoshop\/#primaryimage"},"thumbnailUrl":"https:\/\/bruno-ferignac-photographe.fr\/accueil\/wp-content\/uploads\/2018\/10\/Comprendre-photoshop-1.jpg","datePublished":"2018-10-04T19:01:47+00:00","dateModified":"2018-11-17T16:58:50+00:00","description":"-Ouvert toute l&rsquo;ann\u00e9e &#8211; &#8211;\u00a0Individuel &#8211;\u00a0 La prise en main d&rsquo;un logiciel de retouche d&rsquo;images comme photoshop est une Photoshop est le logiciel de retouche photo par excellence. Ce stage vous permetra de comprendre les subtilit\u00e9s et l'utilisation de ce logiciel.","breadcrumb":{"@id":"http:\/\/bruno-ferignac-photographe.fr\/accueil\/prestations\/stage\/comprendre-photoshop\/#breadcrumb"},"inLanguage":"fr-FR","potentialAction":[{"@type":"ReadAction","target":["http:\/\/bruno-ferignac-photographe.fr\/accueil\/prestations\/stage\/comprendre-photoshop\/"]}]},{"@type":"ImageObject","inLanguage":"fr-FR","@id":"http:\/\/bruno-ferignac-photographe.fr\/accueil\/prestations\/stage\/comprendre-photoshop\/#primaryimage","url":"https:\/\/bruno-ferignac-photographe.fr\/accueil\/wp-content\/uploads\/2018\/10\/Comprendre-photoshop-1.jpg","contentUrl":"https:\/\/bruno-ferignac-photographe.fr\/accueil\/wp-content\/uploads\/2018\/10\/Comprendre-photoshop-1.jpg","width":788,"height":394},{"@type":"BreadcrumbList","@id":"http:\/\/bruno-ferignac-photographe.fr\/accueil\/prestations\/stage\/comprendre-photoshop\/#breadcrumb","itemListElement":[{"@type":"ListItem","position":1,"name":"Accueil","item":"https:\/\/bruno-ferignac-photographe.fr\/accueil\/"},{"@type":"ListItem","position":2,"name":"Prestations","item":"https:\/\/bruno-ferignac-photographe.fr\/accueil\/prestations\/"},{"@type":"ListItem","position":3,"name":"Stage photo","item":"https:\/\/bruno-ferignac-photographe.fr\/accueil\/prestations\/stage\/"},{"@type":"ListItem","position":4,"name":"Comprendre Photoshop"}]},{"@type":"WebSite","@id":"https:\/\/bruno-ferignac-photographe.fr\/accueil\/#website","url":"https:\/\/bruno-ferignac-photographe.fr\/accueil\/","name":"L&#039; atelier pho&#039;thau","description":"Un photographe pour vous !","potentialAction":[{"@type":"SearchAction","target":{"@type":"EntryPoint","urlTemplate":"https:\/\/bruno-ferignac-photographe.fr\/accueil\/?s={search_term_string}"},"query-input":{"@type":"PropertyValueSpecification","valueRequired":true,"valueName":"search_term_string"}}],"inLanguage":"fr-FR"}]}},"_links":{"self":[{"href":"https:\/\/bruno-ferignac-photographe.fr\/accueil\/wp-json\/wp\/v2\/pages\/4725","targetHints":{"allow":["GET"]}}],"collection":[{"href":"https:\/\/bruno-ferignac-photographe.fr\/accueil\/wp-json\/wp\/v2\/pages"}],"about":[{"href":"https:\/\/bruno-ferignac-photographe.fr\/accueil\/wp-json\/wp\/v2\/types\/page"}],"author":[{"embeddable":true,"href":"https:\/\/bruno-ferignac-photographe.fr\/accueil\/wp-json\/wp\/v2\/users\/1"}],"replies":[{"embeddable":true,"href":"https:\/\/bruno-ferignac-photographe.fr\/accueil\/wp-json\/wp\/v2\/comments?post=4725"}],"version-history":[{"count":18,"href":"https:\/\/bruno-ferignac-photographe.fr\/accueil\/wp-json\/wp\/v2\/pages\/4725\/revisions"}],"predecessor-version":[{"id":4942,"href":"https:\/\/bruno-ferignac-photographe.fr\/accueil\/wp-json\/wp\/v2\/pages\/4725\/revisions\/4942"}],"up":[{"embeddable":true,"href":"https:\/\/bruno-ferignac-photographe.fr\/accueil\/wp-json\/wp\/v2\/pages\/2378"}],"wp:featuredmedia":[{"embeddable":true,"href":"https:\/\/bruno-ferignac-photographe.fr\/accueil\/wp-json\/wp\/v2\/media\/4737"}],"wp:attachment":[{"href":"https:\/\/bruno-ferignac-photographe.fr\/accueil\/wp-json\/wp\/v2\/media?parent=4725"}],"curies":[{"name":"wp","href":"https:\/\/api.w.org\/{rel}","templated":true}]}}